{"id":1029,"date":"2023-04-20T16:14:49","date_gmt":"2023-04-20T15:14:49","guid":{"rendered":"https:\/\/neusser-gold.de\/?page_id=1029"},"modified":"2023-04-20T16:18:39","modified_gmt":"2023-04-20T15:18:39","slug":"wespen-und-hornissen","status":"publish","type":"page","link":"https:\/\/neusser-gold.de\/?page_id=1029","title":{"rendered":"Wespen und Hornissen"},"content":{"rendered":"<style>\/*! elementor - v3.12.1 - 02-04-2023 *\/<br \/>\n.elementor-widget-image{text-align:center}.elementor-widget-image a{display:inline-block}.elementor-widget-image a img[src$=\".svg\"]{width:48px}.elementor-widget-image img{vertical-align:middle;display:inline-block}<\/style>\n<p>\t\t\t\t\t\t\t\t\t\t\t\t<img decoding=\"async\" src=\"https:\/\/neusser-gold.de\/wp-content\/uploads\/2023\/04\/Wespe_2-1024x684.jpg\" alt=\"\" loading=\"lazy\" srcset=\"https:\/\/neusser-gold.de\/wp-content\/uploads\/2023\/04\/Wespe_2-1024x684.jpg 1024w, https:\/\/neusser-gold.de\/wp-content\/uploads\/2023\/04\/Wespe_2-300x200.jpg 300w, https:\/\/neusser-gold.de\/wp-content\/uploads\/2023\/04\/Wespe_2-768x513.jpg 768w, https:\/\/neusser-gold.de\/wp-content\/uploads\/2023\/04\/Wespe_2-1536x1026.jpg 1536w, https:\/\/neusser-gold.de\/wp-content\/uploads\/2023\/04\/Wespe_2.jpg 1920w\" sizes=\"auto, (max-width: 1024px) 100vw, 1024px\" width=\"1024\" height=\"684\"><br \/>\n<img decoding=\"async\" src=\"https:\/\/neusser-gold.de\/wp-content\/uploads\/2023\/04\/Hornisse_2-1024x683.jpg\" alt=\"\" loading=\"lazy\" srcset=\"https:\/\/neusser-gold.de\/wp-content\/uploads\/2023\/04\/Hornisse_2-1024x683.jpg 1024w, https:\/\/neusser-gold.de\/wp-content\/uploads\/2023\/04\/Hornisse_2-300x200.jpg 300w, https:\/\/neusser-gold.de\/wp-content\/uploads\/2023\/04\/Hornisse_2-768x512.jpg 768w, https:\/\/neusser-gold.de\/wp-content\/uploads\/2023\/04\/Hornisse_2-1536x1024.jpg 1536w, https:\/\/neusser-gold.de\/wp-content\/uploads\/2023\/04\/Hornisse_2.jpg 1920w\" sizes=\"auto, (max-width: 1024px) 100vw, 1024px\" width=\"1024\" height=\"683\"><\/p>\n<p>Wenn Sie Probleme mit Wespen und Hornissen haben, bitte melden Sie sich!<\/p>\n<p>Auch wenn Wespen manchmal l\u00e4stig sind, auch sie erf\u00fcllen eine wichtige Funktion in der Natur. Wobei die meisten Wespenarten sogar harmlos sind!<\/p>\n<p>Hornissen sind zwar gro\u00df und laut, aber l\u00e4ngst nicht so gef\u00e4hrlich, wie man manchmal denkt. Und sie stehen unter <strong>strengem<\/strong> Naturschutz!<\/p>\n<p>Wir beraten Sie gerne, was man tun kann und sind Bedarfsfall auch zur Umsiedlung berechtigt.<\/p>\n<p>Fotos: Pixabay<\/p>\n<style>\/*! elementor - v3.12.1 - 02-04-2023 *\/<br \/>\n.elementor-heading-title{padding:0;margin:0;line-height:1}.elementor-widget-heading .elementor-heading-title[class*=elementor-size-]>a{color:inherit;font-size:inherit;line-height:inherit}.elementor-widget-heading .elementor-heading-title.elementor-size-small{font-size:15px}.elementor-widget-heading .elementor-heading-title.elementor-size-medium{font-size:19px}.elementor-widget-heading .elementor-heading-title.elementor-size-large{font-size:29px}.elementor-widget-heading .elementor-heading-title.elementor-size-xl{font-size:39px}.elementor-widget-heading .elementor-heading-title.elementor-size-xxl{font-size:59px}<\/style>\n<h2>Die Asiatische Hornisse (<i>vespa velutina<\/i>)<\/h2>\n<figure>\n\t\t\t\t\t\t\t\t\t\t<img decoding=\"async\" src=\"https:\/\/neusser-gold.de\/wp-content\/uploads\/2023\/04\/cropped-crabro.png\" alt=\"\" loading=\"lazy\" srcset=\"https:\/\/neusser-gold.de\/wp-content\/uploads\/2023\/04\/cropped-crabro.png 500w, https:\/\/neusser-gold.de\/wp-content\/uploads\/2023\/04\/cropped-crabro-300x129.png 300w\" sizes=\"auto, (max-width: 500px) 100vw, 500px\" width=\"500\" height=\"215\"><figcaption>Europ\u00e4ische Hornisse (Quelle Thomas Beissel, www.velutina.de)<\/figcaption><\/figure>\n<figure>\n\t\t\t\t\t\t\t\t\t\t<img decoding=\"async\" src=\"https:\/\/neusser-gold.de\/wp-content\/uploads\/2023\/04\/cropped-velutina.png\" alt=\"\" loading=\"lazy\" srcset=\"https:\/\/neusser-gold.de\/wp-content\/uploads\/2023\/04\/cropped-velutina.png 500w, https:\/\/neusser-gold.de\/wp-content\/uploads\/2023\/04\/cropped-velutina-300x127.png 300w\" sizes=\"auto, (max-width: 500px) 100vw, 500px\" width=\"500\" height=\"211\"><figcaption>Asiatische Hornisse (Quelle Thomas Beissel, www.velutina.de)<\/figcaption><\/figure>\n<p>Die Asiatische Hornisse (rechtes Bild) ist eine eingeschleppte invasive Art, die sich zur Zeit bei uns ausbreitet. Die gef\u00e4hrdet die heimische Insektenwelt und wird daher bek\u00e4mpft.<\/p>\n<p>Wenn Ihnen eine &#8222;komsiche&#8220; Hornisse auff\u00e4llt, die deutliche mehr schwarz als rot ist und zudem gelbe Beine hat (siehe Fotos), bitte <b>dringend <\/b>melden!<\/p>\n<h2>Die Nester der Asiatischen Hornisse<\/h2>\n<p><img decoding=\"async\" src=\"https:\/\/neusser-gold.de\/wp-content\/uploads\/2023\/04\/Gruendungsnest-Velutina.jpg\" alt=\"\" loading=\"lazy\" srcset=\"https:\/\/neusser-gold.de\/wp-content\/uploads\/2023\/04\/Gruendungsnest-Velutina.jpg 1024w, https:\/\/neusser-gold.de\/wp-content\/uploads\/2023\/04\/Gruendungsnest-Velutina-300x200.jpg 300w, https:\/\/neusser-gold.de\/wp-content\/uploads\/2023\/04\/Gruendungsnest-Velutina-768x513.jpg 768w\" sizes=\"auto, (max-width: 1024px) 100vw, 1024px\" width=\"1024\" height=\"684\"><\/p>\n<p>Die asiatische Hornissen baut im Fr\u00fchjahr zun\u00e4chst ein kleines Nest, oft an einem regengesch\u00fctzen Ort, zum Beispiel unter einem Dach oder in einem Schuppen.<\/p>\n<p>Dieses Nest ist immer ockerfarben und hat eine relativ homogenen Oberfl\u00e4che.<\/p>\n<p>&nbsp;Foto: Dominique Soete<br \/>\n<img decoding=\"async\" src=\"https:\/\/neusser-gold.de\/wp-content\/uploads\/2023\/04\/Nest-Velutina.jpg\" alt=\"\" loading=\"lazy\" srcset=\"https:\/\/neusser-gold.de\/wp-content\/uploads\/2023\/04\/Nest-Velutina.jpg 684w, https:\/\/neusser-gold.de\/wp-content\/uploads\/2023\/04\/Nest-Velutina-200x300.jpg 200w\" sizes=\"auto, (max-width: 684px) 100vw, 684px\" width=\"684\" height=\"1024\"><\/p>\n<p>Im Sommer folgt dann das Hauptnest, das deutlich gr\u00f6\u00dfer ist und oft in gro\u00dfer H\u00f6he (10m) in Laubb\u00e4umen h\u00e4ngt. Es ist tropfenf\u00f6rmig und hat das Flugloch im oberen Drittel an der Seite.<\/p>\n<p>Die europ\u00e4ische Hornisse baut nie freih\u00e4ngend, sondern lieber an gesch\u00fctzen Orten. Das Nest ist immer unten offen.<\/p>\n<p>Die Nester der Asiatischen Hornissen sind meldepflichtig! Bitte daran denken, es ist eine invasive Art.<\/p>\n<p><b>Bitte <u>NIE <\/u>versuchen, ein Nest selbst zu entfernen!<\/b><\/p>\n<p>Fotos: Dominique Soete und Thomas Beissel<\/p>\n<p><img decoding=\"async\" src=\"https:\/\/neusser-gold.de\/wp-content\/uploads\/2023\/04\/Nest-Velutina_2-640x1024.jpg\" alt=\"\" loading=\"lazy\" srcset=\"https:\/\/neusser-gold.de\/wp-content\/uploads\/2023\/04\/Nest-Velutina_2-640x1024.jpg 640w, https:\/\/neusser-gold.de\/wp-content\/uploads\/2023\/04\/Nest-Velutina_2-188x300.jpg 188w, https:\/\/neusser-gold.de\/wp-content\/uploads\/2023\/04\/Nest-Velutina_2-768x1229.jpg 768w, https:\/\/neusser-gold.de\/wp-content\/uploads\/2023\/04\/Nest-Velutina_2-960x1536.jpg 960w, https:\/\/neusser-gold.de\/wp-content\/uploads\/2023\/04\/Nest-Velutina_2.jpg 1080w\" sizes=\"auto, (max-width: 640px) 100vw, 640px\" width=\"640\" height=\"1024\"><\/p>\n","protected":false},"excerpt":{"rendered":"<p>Wenn Sie Probleme mit Wespen und Hornissen haben, bitte melden Sie sich! Auch wenn Wespen manchmal l\u00e4stig sind, auch sie erf\u00fcllen eine wichtige Funktion in der Natur. Wobei die meisten Wespenarten sogar harmlos sind! Hornissen sind zwar gro\u00df und laut, aber l\u00e4ngst nicht so gef\u00e4hrlich, wie man manchmal denkt. Und sie stehen unter strengem Naturschutz! [&hellip;]<\/p>\n","protected":false},"author":2,"featured_media":0,"parent":0,"menu_order":0,"comment_status":"closed","ping_status":"closed","template":"","meta":{"ocean_post_layout":"","ocean_both_sidebars_style":"","ocean_both_sidebars_content_width":0,"ocean_both_sidebars_sidebars_width":0,"ocean_sidebar":"0","ocean_second_sidebar":"0","ocean_disable_margins":"enable","ocean_add_body_class":"","ocean_shortcode_before_top_bar":"","ocean_shortcode_after_top_bar":"","ocean_shortcode_before_header":"","ocean_shortcode_after_header":"","ocean_has_shortcode":"","ocean_shortcode_after_title":"","ocean_shortcode_before_footer_widgets":"","ocean_shortcode_after_footer_widgets":"","ocean_shortcode_before_footer_bottom":"","ocean_shortcode_after_footer_bottom":"","ocean_display_top_bar":"default","ocean_display_header":"default","ocean_header_style":"","ocean_center_header_left_menu":"0","ocean_custom_header_template":"0","ocean_custom_logo":0,"ocean_custom_retina_logo":0,"ocean_custom_logo_max_width":0,"ocean_custom_logo_tablet_max_width":0,"ocean_custom_logo_mobile_max_width":0,"ocean_custom_logo_max_height":0,"ocean_custom_logo_tablet_max_height":0,"ocean_custom_logo_mobile_max_height":0,"ocean_header_custom_menu":"0","ocean_menu_typo_font_family":"0","ocean_menu_typo_font_subset":"","ocean_menu_typo_font_size":0,"ocean_menu_typo_font_size_tablet":0,"ocean_menu_typo_font_size_mobile":0,"ocean_menu_typo_font_size_unit":"px","ocean_menu_typo_font_weight":"","ocean_menu_typo_font_weight_tablet":"","ocean_menu_typo_font_weight_mobile":"","ocean_menu_typo_transform":"","ocean_menu_typo_transform_tablet":"","ocean_menu_typo_transform_mobile":"","ocean_menu_typo_line_height":0,"ocean_menu_typo_line_height_tablet":0,"ocean_menu_typo_line_height_mobile":0,"ocean_menu_typo_line_height_unit":"","ocean_menu_typo_spacing":0,"ocean_menu_typo_spacing_tablet":0,"ocean_menu_typo_spacing_mobile":0,"ocean_menu_typo_spacing_unit":"","ocean_menu_link_color":"","ocean_menu_link_color_hover":"","ocean_menu_link_color_active":"","ocean_menu_link_background":"","ocean_menu_link_hover_background":"","ocean_menu_link_active_background":"","ocean_menu_social_links_bg":"","ocean_menu_social_hover_links_bg":"","ocean_menu_social_links_color":"","ocean_menu_social_hover_links_color":"","ocean_disable_title":"default","ocean_disable_heading":"default","ocean_post_title":"","ocean_post_subheading":"","ocean_post_title_style":"","ocean_post_title_background_color":"","ocean_post_title_background":0,"ocean_post_title_bg_image_position":"","ocean_post_title_bg_image_attachment":"","ocean_post_title_bg_image_repeat":"","ocean_post_title_bg_image_size":"","ocean_post_title_height":0,"ocean_post_title_bg_overlay":0.5,"ocean_post_title_bg_overlay_color":"","ocean_disable_breadcrumbs":"default","ocean_breadcrumbs_color":"","ocean_breadcrumbs_separator_color":"","ocean_breadcrumbs_links_color":"","ocean_breadcrumbs_links_hover_color":"","ocean_display_footer_widgets":"default","ocean_display_footer_bottom":"default","ocean_custom_footer_template":"0","footnotes":""},"class_list":["post-1029","page","type-page","status-publish","hentry","entry"],"_links":{"self":[{"href":"https:\/\/neusser-gold.de\/index.php?rest_route=\/wp\/v2\/pages\/1029","targetHints":{"allow":["GET"]}}],"collection":[{"href":"https:\/\/neusser-gold.de\/index.php?rest_route=\/wp\/v2\/pages"}],"about":[{"href":"https:\/\/neusser-gold.de\/index.php?rest_route=\/wp\/v2\/types\/page"}],"author":[{"embeddable":true,"href":"https:\/\/neusser-gold.de\/index.php?rest_route=\/wp\/v2\/users\/2"}],"replies":[{"embeddable":true,"href":"https:\/\/neusser-gold.de\/index.php?rest_route=%2Fwp%2Fv2%2Fcomments&post=1029"}],"version-history":[{"count":5,"href":"https:\/\/neusser-gold.de\/index.php?rest_route=\/wp\/v2\/pages\/1029\/revisions"}],"predecessor-version":[{"id":1042,"href":"https:\/\/neusser-gold.de\/index.php?rest_route=\/wp\/v2\/pages\/1029\/revisions\/1042"}],"wp:attachment":[{"href":"https:\/\/neusser-gold.de\/index.php?rest_route=%2Fwp%2Fv2%2Fmedia&parent=1029"}],"curies":[{"name":"wp","href":"https:\/\/api.w.org\/{rel}","templated":true}]}}