{"id":123,"date":"2022-03-15T11:49:03","date_gmt":"2022-03-15T11:49:03","guid":{"rendered":"https:\/\/neusser-gold.de\/?page_id=123"},"modified":"2022-03-23T20:34:40","modified_gmt":"2022-03-23T19:34:40","slug":"unsere-imkerei","status":"publish","type":"page","link":"https:\/\/neusser-gold.de\/?page_id=123","title":{"rendered":"Unsere Imkerei"},"content":{"rendered":"<p>Unsere Familienimkerei liegt im Neusser S\u00fcden in Grimlinghausen am Rhein.<\/p>\n<p>Unsere Bienenv\u00f6lkern stehen hier an ausgew\u00e4hlten <a href=\"?page_id=128\">Standorten<\/a>, wo sie ideale Bedingungen finden.<\/p>\n<p>Unsere Verbundenheit mit unserer Vaterstadt Neuss findet sich auch auf jedem unserer Etiketten. So findet sich auf dem Etikett des Streuobstwiesen-honigs z.B. der Heilige Quirinus (\u00fcbrigens eintr\u00e4glich neben dem Davidstern), auf dem Etikett des Honigs aus dem Naturschutzgebiet an den Rheinauen ein alter r\u00f6mischer Wachturm.<\/p>\n<p>Hier produzieren unsere Bienenv\u00f6lkern nicht nur einen \u00e4u\u00dferst aromatischen und vielf\u00e4ltigen Honig, sondern erbringen auch eine wichtige Best\u00e4ubungsleistung f\u00fcr die Blumen und B\u00e4ume unserer Umwelt.<\/p>\n<p>Unser Honig ist zu 100% naturbelassen und absolut rein. Er ist sogar so rein, dass er vom Oberrabbinat in D\u00fcsseldorf als \u201akosher\u2018 zertifiziert wurde und das entsprechende Siegel auf dem Etikett tragen darf<\/p>\n<p>Alle unsere Bienenerzeugnisse stammen ausschlie\u00dflich von uns selbst.<\/p>\n<p>Gerne arbeiten wir ausgew\u00e4hlten Landwirten zusammen, bei denen unsere Bienen ihre Best\u00e4ubungsleistung gezielt erbringen.<\/p>\n<style>\/*! elementor - v3.6.0 - 21-03-2022 *\/\n.elementor-widget-image{text-align:center}.elementor-widget-image a{display:inline-block}.elementor-widget-image a img[src$=\".svg\"]{width:48px}.elementor-widget-image img{vertical-align:middle;display:inline-block}<\/style>\n<p>\t\t\t\t\t\t\t\t\t\t\t\t<img decoding=\"async\" width=\"1024\" height=\"755\" src=\"https:\/\/neusser-gold.de\/wp-content\/uploads\/2022\/03\/Breuer_klein-1024x755.jpg\" alt=\"\" loading=\"lazy\" srcset=\"https:\/\/neusser-gold.de\/wp-content\/uploads\/2022\/03\/Breuer_klein-1024x755.jpg 1024w, https:\/\/neusser-gold.de\/wp-content\/uploads\/2022\/03\/Breuer_klein-300x221.jpg 300w, https:\/\/neusser-gold.de\/wp-content\/uploads\/2022\/03\/Breuer_klein-768x567.jpg 768w, https:\/\/neusser-gold.de\/wp-content\/uploads\/2022\/03\/Breuer_klein-1536x1133.jpg 1536w, https:\/\/neusser-gold.de\/wp-content\/uploads\/2022\/03\/Breuer_klein-2048x1511.jpg 2048w\" sizes=\"auto, (max-width: 1024px) 100vw, 1024px\" \/><br \/>\n\t\t\t\t\t\t\t\t\t\t\t\t\t\t\t<img decoding=\"async\" width=\"1024\" height=\"766\" src=\"https:\/\/neusser-gold.de\/wp-content\/uploads\/2022\/03\/Rabbi_klein-1024x766.jpg\" alt=\"\" loading=\"lazy\" srcset=\"https:\/\/neusser-gold.de\/wp-content\/uploads\/2022\/03\/Rabbi_klein-1024x766.jpg 1024w, https:\/\/neusser-gold.de\/wp-content\/uploads\/2022\/03\/Rabbi_klein-300x224.jpg 300w, https:\/\/neusser-gold.de\/wp-content\/uploads\/2022\/03\/Rabbi_klein-768x574.jpg 768w, https:\/\/neusser-gold.de\/wp-content\/uploads\/2022\/03\/Rabbi_klein-1536x1149.jpg 1536w, https:\/\/neusser-gold.de\/wp-content\/uploads\/2022\/03\/Rabbi_klein-2048x1532.jpg 2048w\" sizes=\"auto, (max-width: 1024px) 100vw, 1024px\" \/><br \/>\n\t\t\t\t\t\t\t\t\t\t\t\t\t\t\t<img decoding=\"async\" width=\"768\" height=\"1024\" src=\"https:\/\/neusser-gold.de\/wp-content\/uploads\/2022\/03\/Assmann-768x1024.jpg\" alt=\"\" loading=\"lazy\" srcset=\"https:\/\/neusser-gold.de\/wp-content\/uploads\/2022\/03\/Assmann-768x1024.jpg 768w, https:\/\/neusser-gold.de\/wp-content\/uploads\/2022\/03\/Assmann-225x300.jpg 225w, https:\/\/neusser-gold.de\/wp-content\/uploads\/2022\/03\/Assmann-1152x1536.jpg 1152w, https:\/\/neusser-gold.de\/wp-content\/uploads\/2022\/03\/Assmann-1536x2048.jpg 1536w, https:\/\/neusser-gold.de\/wp-content\/uploads\/2022\/03\/Assmann.jpg 1856w\" sizes=\"auto, (max-width: 768px) 100vw, 768px\" \/><\/p>\n","protected":false},"excerpt":{"rendered":"<p>Unsere Familienimkerei liegt im Neusser S\u00fcden in Grimlinghausen am Rhein. Unsere Bienenv\u00f6lkern stehen hier an ausgew\u00e4hlten Standorten, wo sie ideale Bedingungen finden. Unsere Verbundenheit mit unserer Vaterstadt Neuss findet sich auch auf jedem unserer Etiketten. So findet sich auf dem Etikett des Streuobstwiesen-honigs z.B. der Heilige Quirinus (\u00fcbrigens eintr\u00e4glich neben dem Davidstern), auf dem Etikett [&hellip;]<\/p>\n","protected":false},"author":1,"featured_media":0,"parent":80,"menu_order":0,"comment_status":"closed","ping_status":"closed","template":"","meta":{"ocean_post_layout":"","ocean_both_sidebars_style":"","ocean_both_sidebars_content_width":0,"ocean_both_sidebars_sidebars_width":0,"ocean_sidebar":"","ocean_second_sidebar":"","ocean_disable_margins":"enable","ocean_add_body_class":"","ocean_shortcode_before_top_bar":"","ocean_shortcode_after_top_bar":"","ocean_shortcode_before_header":"","ocean_shortcode_after_header":"","ocean_has_shortcode":"","ocean_shortcode_after_title":"","ocean_shortcode_before_footer_widgets":"","ocean_shortcode_after_footer_widgets":"","ocean_shortcode_before_footer_bottom":"","ocean_shortcode_after_footer_bottom":"","ocean_display_top_bar":"default","ocean_display_header":"default","ocean_header_style":"","ocean_center_header_left_menu":"","ocean_custom_header_template":"","ocean_custom_logo":0,"ocean_custom_retina_logo":0,"ocean_custom_logo_max_width":0,"ocean_custom_logo_tablet_max_width":0,"ocean_custom_logo_mobile_max_width":0,"ocean_custom_logo_max_height":0,"ocean_custom_logo_tablet_max_height":0,"ocean_custom_logo_mobile_max_height":0,"ocean_header_custom_menu":"","ocean_menu_typo_font_family":"","ocean_menu_typo_font_subset":"","ocean_menu_typo_font_size":0,"ocean_menu_typo_font_size_tablet":0,"ocean_menu_typo_font_size_mobile":0,"ocean_menu_typo_font_size_unit":"px","ocean_menu_typo_font_weight":"","ocean_menu_typo_font_weight_tablet":"","ocean_menu_typo_font_weight_mobile":"","ocean_menu_typo_transform":"","ocean_menu_typo_transform_tablet":"","ocean_menu_typo_transform_mobile":"","ocean_menu_typo_line_height":0,"ocean_menu_typo_line_height_tablet":0,"ocean_menu_typo_line_height_mobile":0,"ocean_menu_typo_line_height_unit":"","ocean_menu_typo_spacing":0,"ocean_menu_typo_spacing_tablet":0,"ocean_menu_typo_spacing_mobile":0,"ocean_menu_typo_spacing_unit":"","ocean_menu_link_color":"","ocean_menu_link_color_hover":"","ocean_menu_link_color_active":"","ocean_menu_link_background":"","ocean_menu_link_hover_background":"","ocean_menu_link_active_background":"","ocean_menu_social_links_bg":"","ocean_menu_social_hover_links_bg":"","ocean_menu_social_links_color":"","ocean_menu_social_hover_links_color":"","ocean_disable_title":"default","ocean_disable_heading":"default","ocean_post_title":"","ocean_post_subheading":"","ocean_post_title_style":"","ocean_post_title_background_color":"","ocean_post_title_background":0,"ocean_post_title_bg_image_position":"","ocean_post_title_bg_image_attachment":"","ocean_post_title_bg_image_repeat":"","ocean_post_title_bg_image_size":"","ocean_post_title_height":0,"ocean_post_title_bg_overlay":0.5,"ocean_post_title_bg_overlay_color":"","ocean_disable_breadcrumbs":"default","ocean_breadcrumbs_color":"","ocean_breadcrumbs_separator_color":"","ocean_breadcrumbs_links_color":"","ocean_breadcrumbs_links_hover_color":"","ocean_display_footer_widgets":"default","ocean_display_footer_bottom":"default","ocean_custom_footer_template":"","footnotes":""},"class_list":["post-123","page","type-page","status-publish","hentry","entry"],"_links":{"self":[{"href":"https:\/\/neusser-gold.de\/index.php?rest_route=\/wp\/v2\/pages\/123","targetHints":{"allow":["GET"]}}],"collection":[{"href":"https:\/\/neusser-gold.de\/index.php?rest_route=\/wp\/v2\/pages"}],"about":[{"href":"https:\/\/neusser-gold.de\/index.php?rest_route=\/wp\/v2\/types\/page"}],"author":[{"embeddable":true,"href":"https:\/\/neusser-gold.de\/index.php?rest_route=\/wp\/v2\/users\/1"}],"replies":[{"embeddable":true,"href":"https:\/\/neusser-gold.de\/index.php?rest_route=%2Fwp%2Fv2%2Fcomments&post=123"}],"version-history":[{"count":16,"href":"https:\/\/neusser-gold.de\/index.php?rest_route=\/wp\/v2\/pages\/123\/revisions"}],"predecessor-version":[{"id":772,"href":"https:\/\/neusser-gold.de\/index.php?rest_route=\/wp\/v2\/pages\/123\/revisions\/772"}],"up":[{"embeddable":true,"href":"https:\/\/neusser-gold.de\/index.php?rest_route=\/wp\/v2\/pages\/80"}],"wp:attachment":[{"href":"https:\/\/neusser-gold.de\/index.php?rest_route=%2Fwp%2Fv2%2Fmedia&parent=123"}],"curies":[{"name":"wp","href":"https:\/\/api.w.org\/{rel}","templated":true}]}}