{"id":128,"date":"2022-03-15T11:49:29","date_gmt":"2022-03-15T11:49:29","guid":{"rendered":"https:\/\/neusser-gold.de\/?page_id=128"},"modified":"2022-04-04T17:59:16","modified_gmt":"2022-04-04T16:59:16","slug":"unsere-standorte","status":"publish","type":"page","link":"https:\/\/neusser-gold.de\/?page_id=128","title":{"rendered":"Unsere Bienenstellpl\u00e4tze"},"content":{"rendered":"<p><strong>Unsere Bienenstellpl\u00e4tze &#8211; <br \/>Kleinode der Natur<\/strong><\/p>\n<p>\u00a0<\/p>\n<p>Unsere Bienen sind f\u00fcr uns mehr als nur Nutztiere oder Insekten. Sie sind faszinierende und so hochkomplexe Tiere, dass sie immer wieder aufs Neue begeistern.<\/p>\n<p>Zu einer verantwortungsvollen Bienenhaltung geh\u00f6ren f\u00fcr uns auch bienengem\u00e4\u00dfe Standorte mit einer gro\u00dfen Vielfalt an Bl\u00fcten.<\/p>\n<p>Gerade diese Vielfalt zeigt sich dann in unserem komplexen und aromatischen Honig, mit dem unseren Bienen uns verw\u00f6hen.<\/p>\n<p>Jeden unserer Standorte haben wir mit viel Sorgfalt ausgew\u00e4hlt und dabei auch darauf geachtet, dass die Bienen eine m\u00f6glichst nat\u00fcrlich Umwelt vorfinden.<\/p>\n<p>\u00a0<\/p>\n<style>\/*! elementor - v3.6.2 - 04-04-2022 *\/\n.elementor-widget-image{text-align:center}.elementor-widget-image a{display:inline-block}.elementor-widget-image a img[src$=\".svg\"]{width:48px}.elementor-widget-image img{vertical-align:middle;display:inline-block}<\/style>\n<figure>\n\t\t\t\t\t\t\t\t\t\t<img decoding=\"async\" width=\"1024\" height=\"421\" src=\"https:\/\/neusser-gold.de\/wp-content\/uploads\/2022\/03\/NEUSSER-GOLD_ROT_Vorderseite-mit-EAN_FB_500g-1024x421.jpg\" alt=\"\" loading=\"lazy\" srcset=\"https:\/\/neusser-gold.de\/wp-content\/uploads\/2022\/03\/NEUSSER-GOLD_ROT_Vorderseite-mit-EAN_FB_500g-1024x421.jpg 1024w, https:\/\/neusser-gold.de\/wp-content\/uploads\/2022\/03\/NEUSSER-GOLD_ROT_Vorderseite-mit-EAN_FB_500g-300x123.jpg 300w, https:\/\/neusser-gold.de\/wp-content\/uploads\/2022\/03\/NEUSSER-GOLD_ROT_Vorderseite-mit-EAN_FB_500g-768x316.jpg 768w, https:\/\/neusser-gold.de\/wp-content\/uploads\/2022\/03\/NEUSSER-GOLD_ROT_Vorderseite-mit-EAN_FB_500g-1536x631.jpg 1536w, https:\/\/neusser-gold.de\/wp-content\/uploads\/2022\/03\/NEUSSER-GOLD_ROT_Vorderseite-mit-EAN_FB_500g.jpg 1594w\" sizes=\"auto, (max-width: 1024px) 100vw, 1024px\" \/><figcaption>Unser Bienenstandort &#8222;Neusser Streuobstwiesen&#8220;.  Viele alte Apfel-, Kirsch- und Birnb\u00e4ume in einer Vielfalt, da man an anderen Stellen kaum mehr findet. Und dazwischen eine Wiese, die nur einmal im Jahr gem\u00e4ht wird und auf der entsprechend viele Wildblumen wachen. Es ist diese Vielfalt, die den Streuobstwiesenhonig so abwechslungsreich macht.<\/figcaption><\/figure>\n<figure>\n\t\t\t\t\t\t\t\t\t\t<img decoding=\"async\" width=\"1024\" height=\"421\" src=\"https:\/\/neusser-gold.de\/wp-content\/uploads\/2022\/03\/NEUSSER-GOLD_BLAU_Vorderseite-mit-EAN_FB_500g-1024x421.jpg\" alt=\"\" loading=\"lazy\" srcset=\"https:\/\/neusser-gold.de\/wp-content\/uploads\/2022\/03\/NEUSSER-GOLD_BLAU_Vorderseite-mit-EAN_FB_500g-1024x421.jpg 1024w, https:\/\/neusser-gold.de\/wp-content\/uploads\/2022\/03\/NEUSSER-GOLD_BLAU_Vorderseite-mit-EAN_FB_500g-300x123.jpg 300w, https:\/\/neusser-gold.de\/wp-content\/uploads\/2022\/03\/NEUSSER-GOLD_BLAU_Vorderseite-mit-EAN_FB_500g-768x316.jpg 768w, https:\/\/neusser-gold.de\/wp-content\/uploads\/2022\/03\/NEUSSER-GOLD_BLAU_Vorderseite-mit-EAN_FB_500g-1536x631.jpg 1536w, https:\/\/neusser-gold.de\/wp-content\/uploads\/2022\/03\/NEUSSER-GOLD_BLAU_Vorderseite-mit-EAN_FB_500g.jpg 1594w\" sizes=\"auto, (max-width: 1024px) 100vw, 1024px\" \/><figcaption>Die Wiesen und G\u00e4rten Grimlinghausens, des \u201egr\u00fcnen Vororts im S\u00fcden\u201c, bilden den Ursprung dieses Honigs. Im Sommer sind es insbesondere die vielen Lindenalleen, die den Honig von diesem Standort so aromatisch machen.<\/figcaption><\/figure>\n<figure>\n\t\t\t\t\t\t\t\t\t\t<img decoding=\"async\" width=\"1024\" height=\"421\" src=\"https:\/\/neusser-gold.de\/wp-content\/uploads\/2022\/03\/NEUSSER-GOLD_ORANGE_Vorderseite-mit-EAN_FBmR_500g-1024x421.jpg\" alt=\"\" loading=\"lazy\" srcset=\"https:\/\/neusser-gold.de\/wp-content\/uploads\/2022\/03\/NEUSSER-GOLD_ORANGE_Vorderseite-mit-EAN_FBmR_500g-1024x421.jpg 1024w, https:\/\/neusser-gold.de\/wp-content\/uploads\/2022\/03\/NEUSSER-GOLD_ORANGE_Vorderseite-mit-EAN_FBmR_500g-300x123.jpg 300w, https:\/\/neusser-gold.de\/wp-content\/uploads\/2022\/03\/NEUSSER-GOLD_ORANGE_Vorderseite-mit-EAN_FBmR_500g-768x316.jpg 768w, https:\/\/neusser-gold.de\/wp-content\/uploads\/2022\/03\/NEUSSER-GOLD_ORANGE_Vorderseite-mit-EAN_FBmR_500g-1536x631.jpg 1536w, https:\/\/neusser-gold.de\/wp-content\/uploads\/2022\/03\/NEUSSER-GOLD_ORANGE_Vorderseite-mit-EAN_FBmR_500g.jpg 1594w\" sizes=\"auto, (max-width: 1024px) 100vw, 1024px\" \/><figcaption>Unser Bienenstandort am Rande des Naturschutzgebiets an den Rheinauen zwischen Grimlinghausen und Uedesheim wird von alten Weiden, ausladenden Holunderb\u00fcschen und hochgewachsenen Robinien gepr\u00e4gt. Viele neu angelegte Bl\u00fchstreifen und eine extensive Landwirtschaft begrenzen das Gebiet und schaffen f\u00fcr unsere Bienen eine unvergleichliche Vielfalt an Bl\u00fchpflanzen.  Im Sommer sind es die hier wachsenden Robinien, die dem Honig sein besonderes Aroma geben und daf\u00fcr sorgen, dass der Honig lange fl\u00fcssig bleibt.<\/figcaption><\/figure>\n<figure>\n\t\t\t\t\t\t\t\t\t\t<img decoding=\"async\" width=\"1024\" height=\"421\" src=\"https:\/\/neusser-gold.de\/wp-content\/uploads\/2022\/03\/NEUSSER-GOLD_GRUeN_Vorderseite-mit-EAN_FB_500g-1024x421.jpg\" alt=\"\" loading=\"lazy\" srcset=\"https:\/\/neusser-gold.de\/wp-content\/uploads\/2022\/03\/NEUSSER-GOLD_GRUeN_Vorderseite-mit-EAN_FB_500g-1024x421.jpg 1024w, https:\/\/neusser-gold.de\/wp-content\/uploads\/2022\/03\/NEUSSER-GOLD_GRUeN_Vorderseite-mit-EAN_FB_500g-300x123.jpg 300w, https:\/\/neusser-gold.de\/wp-content\/uploads\/2022\/03\/NEUSSER-GOLD_GRUeN_Vorderseite-mit-EAN_FB_500g-768x316.jpg 768w, https:\/\/neusser-gold.de\/wp-content\/uploads\/2022\/03\/NEUSSER-GOLD_GRUeN_Vorderseite-mit-EAN_FB_500g-1536x631.jpg 1536w, https:\/\/neusser-gold.de\/wp-content\/uploads\/2022\/03\/NEUSSER-GOLD_GRUeN_Vorderseite-mit-EAN_FB_500g.jpg 1594w\" sizes=\"auto, (max-width: 1024px) 100vw, 1024px\" \/><figcaption>Zwischen Gnadental und Meertal liegt der Kleingartenverein \u201eR\u00f6merlager\u201c, der gr\u00f6\u00dfte der Neusser Kleingartenvereine. Auf seinen \u00fcber 160 Parzellen sorgen die Kleing\u00e4rtner f\u00fcr ein durchg\u00e4ngiges Bl\u00fctenband, das den Bienen von Februar bis Ende September zur Verf\u00fcgung steht. Auch hier ist es die Vielfalt, die den dort gewonnenen Honig so sehr von Einheitsprodukten abhebt und f\u00fcr einen einzigartigen Genuss sorgt.<\/figcaption><\/figure>\n<figure>\n\t\t\t\t\t\t\t\t\t\t<img decoding=\"async\" width=\"1024\" height=\"421\" src=\"https:\/\/neusser-gold.de\/wp-content\/uploads\/2022\/03\/NEUSSER-GOLD_LINDGRUeN_Vorderseite_500g_FB_17_NORF-1-1024x421.jpg\" alt=\"\" loading=\"lazy\" srcset=\"https:\/\/neusser-gold.de\/wp-content\/uploads\/2022\/03\/NEUSSER-GOLD_LINDGRUeN_Vorderseite_500g_FB_17_NORF-1-1024x421.jpg 1024w, https:\/\/neusser-gold.de\/wp-content\/uploads\/2022\/03\/NEUSSER-GOLD_LINDGRUeN_Vorderseite_500g_FB_17_NORF-1-300x123.jpg 300w, https:\/\/neusser-gold.de\/wp-content\/uploads\/2022\/03\/NEUSSER-GOLD_LINDGRUeN_Vorderseite_500g_FB_17_NORF-1-768x316.jpg 768w, https:\/\/neusser-gold.de\/wp-content\/uploads\/2022\/03\/NEUSSER-GOLD_LINDGRUeN_Vorderseite_500g_FB_17_NORF-1-1536x631.jpg 1536w, https:\/\/neusser-gold.de\/wp-content\/uploads\/2022\/03\/NEUSSER-GOLD_LINDGRUeN_Vorderseite_500g_FB_17_NORF-1.jpg 1594w\" sizes=\"auto, (max-width: 1024px) 100vw, 1024px\" \/><figcaption>Die niederrheinische Kulturlandschaft im Neusser S\u00fcden mit ihren alten Weiden, den weiten Wiesen und einer Vielzahl kleinerer Gew\u00e4sser bildet eine ideale Heimat f\u00fcr unsere Bienen. Sie finden dort eine solche Vielfalt an heimischen Bl\u00fcten, dass sie einen \u00e4u\u00dferst schmackhaften Honig produzieren. Gleichzeitig erbringen unsere Bienen in ihren unerm\u00fcdlichen Flei\u00df auch an diesem Standort eine f\u00fcr uns alle unverzichtbare Best\u00e4ubungsleistung.<\/figcaption><\/figure>\n","protected":false},"excerpt":{"rendered":"<p>Unsere Bienenstellpl\u00e4tze &#8211; Kleinode der Natur \u00a0 Unsere Bienen sind f\u00fcr uns mehr als nur Nutztiere oder Insekten. Sie sind faszinierende und so hochkomplexe Tiere, dass sie immer wieder aufs Neue begeistern. Zu einer verantwortungsvollen Bienenhaltung geh\u00f6ren f\u00fcr uns auch bienengem\u00e4\u00dfe Standorte mit einer gro\u00dfen Vielfalt an Bl\u00fcten. Gerade diese Vielfalt zeigt sich dann in [&hellip;]<\/p>\n","protected":false},"author":1,"featured_media":0,"parent":80,"menu_order":0,"comment_status":"closed","ping_status":"closed","template":"","meta":{"ocean_post_layout":"","ocean_both_sidebars_style":"","ocean_both_sidebars_content_width":0,"ocean_both_sidebars_sidebars_width":0,"ocean_sidebar":"0","ocean_second_sidebar":"0","ocean_disable_margins":"enable","ocean_add_body_class":"","ocean_shortcode_before_top_bar":"","ocean_shortcode_after_top_bar":"","ocean_shortcode_before_header":"","ocean_shortcode_after_header":"","ocean_has_shortcode":"","ocean_shortcode_after_title":"","ocean_shortcode_before_footer_widgets":"","ocean_shortcode_after_footer_widgets":"","ocean_shortcode_before_footer_bottom":"","ocean_shortcode_after_footer_bottom":"","ocean_display_top_bar":"default","ocean_display_header":"default","ocean_header_style":"","ocean_center_header_left_menu":"0","ocean_custom_header_template":"0","ocean_custom_logo":0,"ocean_custom_retina_logo":0,"ocean_custom_logo_max_width":0,"ocean_custom_logo_tablet_max_width":0,"ocean_custom_logo_mobile_max_width":0,"ocean_custom_logo_max_height":0,"ocean_custom_logo_tablet_max_height":0,"ocean_custom_logo_mobile_max_height":0,"ocean_header_custom_menu":"0","ocean_menu_typo_font_family":"0","ocean_menu_typo_font_subset":"","ocean_menu_typo_font_size":0,"ocean_menu_typo_font_size_tablet":0,"ocean_menu_typo_font_size_mobile":0,"ocean_menu_typo_font_size_unit":"px","ocean_menu_typo_font_weight":"","ocean_menu_typo_font_weight_tablet":"","ocean_menu_typo_font_weight_mobile":"","ocean_menu_typo_transform":"","ocean_menu_typo_transform_tablet":"","ocean_menu_typo_transform_mobile":"","ocean_menu_typo_line_height":0,"ocean_menu_typo_line_height_tablet":0,"ocean_menu_typo_line_height_mobile":0,"ocean_menu_typo_line_height_unit":"","ocean_menu_typo_spacing":0,"ocean_menu_typo_spacing_tablet":0,"ocean_menu_typo_spacing_mobile":0,"ocean_menu_typo_spacing_unit":"","ocean_menu_link_color":"","ocean_menu_link_color_hover":"","ocean_menu_link_color_active":"","ocean_menu_link_background":"","ocean_menu_link_hover_background":"","ocean_menu_link_active_background":"","ocean_menu_social_links_bg":"","ocean_menu_social_hover_links_bg":"","ocean_menu_social_links_color":"","ocean_menu_social_hover_links_color":"","ocean_disable_title":"default","ocean_disable_heading":"default","ocean_post_title":"","ocean_post_subheading":"","ocean_post_title_style":"","ocean_post_title_background_color":"","ocean_post_title_background":0,"ocean_post_title_bg_image_position":"","ocean_post_title_bg_image_attachment":"","ocean_post_title_bg_image_repeat":"","ocean_post_title_bg_image_size":"","ocean_post_title_height":0,"ocean_post_title_bg_overlay":0.5,"ocean_post_title_bg_overlay_color":"","ocean_disable_breadcrumbs":"default","ocean_breadcrumbs_color":"","ocean_breadcrumbs_separator_color":"","ocean_breadcrumbs_links_color":"","ocean_breadcrumbs_links_hover_color":"","ocean_display_footer_widgets":"default","ocean_display_footer_bottom":"default","ocean_custom_footer_template":"0","footnotes":""},"class_list":["post-128","page","type-page","status-publish","hentry","entry"],"_links":{"self":[{"href":"https:\/\/neusser-gold.de\/index.php?rest_route=\/wp\/v2\/pages\/128","targetHints":{"allow":["GET"]}}],"collection":[{"href":"https:\/\/neusser-gold.de\/index.php?rest_route=\/wp\/v2\/pages"}],"about":[{"href":"https:\/\/neusser-gold.de\/index.php?rest_route=\/wp\/v2\/types\/page"}],"author":[{"embeddable":true,"href":"https:\/\/neusser-gold.de\/index.php?rest_route=\/wp\/v2\/users\/1"}],"replies":[{"embeddable":true,"href":"https:\/\/neusser-gold.de\/index.php?rest_route=%2Fwp%2Fv2%2Fcomments&post=128"}],"version-history":[{"count":20,"href":"https:\/\/neusser-gold.de\/index.php?rest_route=\/wp\/v2\/pages\/128\/revisions"}],"predecessor-version":[{"id":801,"href":"https:\/\/neusser-gold.de\/index.php?rest_route=\/wp\/v2\/pages\/128\/revisions\/801"}],"up":[{"embeddable":true,"href":"https:\/\/neusser-gold.de\/index.php?rest_route=\/wp\/v2\/pages\/80"}],"wp:attachment":[{"href":"https:\/\/neusser-gold.de\/index.php?rest_route=%2Fwp%2Fv2%2Fmedia&parent=128"}],"curies":[{"name":"wp","href":"https:\/\/api.w.org\/{rel}","templated":true}]}}