{"id":133,"date":"2022-03-15T11:49:53","date_gmt":"2022-03-15T11:49:53","guid":{"rendered":"https:\/\/neusser-gold.de\/?page_id=133"},"modified":"2022-03-23T20:33:47","modified_gmt":"2022-03-23T19:33:47","slug":"sie-kennen-einen-standort-fuer-uns","status":"publish","type":"page","link":"https:\/\/neusser-gold.de\/?page_id=133","title":{"rendered":"Sie kennen einen Standort f\u00fcr uns?"},"content":{"rendered":"<style>\/*! elementor - v3.6.0 - 21-03-2022 *\/\n.elementor-widget-image{text-align:center}.elementor-widget-image a{display:inline-block}.elementor-widget-image a img[src$=\".svg\"]{width:48px}.elementor-widget-image img{vertical-align:middle;display:inline-block}<\/style>\n<p>\t\t\t\t\t\t\t\t\t\t\t\t<img decoding=\"async\" width=\"1024\" height=\"341\" src=\"https:\/\/neusser-gold.de\/wp-content\/uploads\/2022\/03\/Sonnenblumen_quer-1024x341.jpg\" alt=\"\" loading=\"lazy\" srcset=\"https:\/\/neusser-gold.de\/wp-content\/uploads\/2022\/03\/Sonnenblumen_quer-1024x341.jpg 1024w, https:\/\/neusser-gold.de\/wp-content\/uploads\/2022\/03\/Sonnenblumen_quer-300x100.jpg 300w, https:\/\/neusser-gold.de\/wp-content\/uploads\/2022\/03\/Sonnenblumen_quer-768x256.jpg 768w, https:\/\/neusser-gold.de\/wp-content\/uploads\/2022\/03\/Sonnenblumen_quer-1536x512.jpg 1536w, https:\/\/neusser-gold.de\/wp-content\/uploads\/2022\/03\/Sonnenblumen_quer.jpg 1920w\" sizes=\"auto, (max-width: 1024px) 100vw, 1024px\" \/>\t\t\t\t\t\t\t\t\t\t\t\t\t\t\t<\/p>\n<style>\/*! elementor - v3.6.0 - 21-03-2022 *\/\n.elementor-heading-title{padding:0;margin:0;line-height:1}.elementor-widget-heading .elementor-heading-title[class*=elementor-size-]>a{color:inherit;font-size:inherit;line-height:inherit}.elementor-widget-heading .elementor-heading-title.elementor-size-small{font-size:15px}.elementor-widget-heading .elementor-heading-title.elementor-size-medium{font-size:19px}.elementor-widget-heading .elementor-heading-title.elementor-size-large{font-size:29px}.elementor-widget-heading .elementor-heading-title.elementor-size-xl{font-size:39px}.elementor-widget-heading .elementor-heading-title.elementor-size-xxl{font-size:59px}<\/style>\n<h2>Sie kennen einen sch\u00f6nen Standort f\u00fcr uns? Melden Sie sich!<\/h2>\n<p>Wir sind st\u00e4ndig auf der Suche nach weiteren Standorten, denn unser Imkerei entwickelt sich weiter!<\/p>\n<p>Wenn Sie also noch einen sch\u00f6nen Standort f\u00fcr unsere Bienen, sprechen Sie uns an.<\/p>\n<p>Unsere Bienen f\u00fchlen sich am wohlsten, wenn es in der N\u00e4he m\u00f6glichst viele Blumen und B\u00e4ume gibt. Ganz besonders lieben unsere Bienen z.B. Standorten mit <b>vielen G\u00e4rten<\/b> in der N\u00e4he, <b>Friedh\u00f6fe<\/b>, alle Arten von <b>Obstb\u00e4umen<\/b>, <b>(Sal-)Weiden<\/b>, <b>L\u00f6wenzahn<\/b>, <b>Phacelia<\/b> oder ausgedehnte <b>Brombeerhecken<\/b>.<\/p>\n<p>Wir freuen uns auf Ihren Anruf, WhatsApp, <a href=\"mailto:info@neusser-gold.de\">E-Mail<\/a> oder nutzen Sie unser <a href=\"?page_id=100\">Kontaktformular<\/a>.<\/p>\n","protected":false},"excerpt":{"rendered":"<p>Sie kennen einen sch\u00f6nen Standort f\u00fcr uns? Melden Sie sich! Wir sind st\u00e4ndig auf der Suche nach weiteren Standorten, denn unser Imkerei entwickelt sich weiter! Wenn Sie also noch einen sch\u00f6nen Standort f\u00fcr unsere Bienen, sprechen Sie uns an. Unsere Bienen f\u00fchlen sich am wohlsten, wenn es in der N\u00e4he m\u00f6glichst viele Blumen und B\u00e4ume [&hellip;]<\/p>\n","protected":false},"author":1,"featured_media":0,"parent":80,"menu_order":0,"comment_status":"closed","ping_status":"closed","template":"","meta":{"ocean_post_layout":"","ocean_both_sidebars_style":"","ocean_both_sidebars_content_width":0,"ocean_both_sidebars_sidebars_width":0,"ocean_sidebar":"","ocean_second_sidebar":"","ocean_disable_margins":"enable","ocean_add_body_class":"","ocean_shortcode_before_top_bar":"","ocean_shortcode_after_top_bar":"","ocean_shortcode_before_header":"","ocean_shortcode_after_header":"","ocean_has_shortcode":"","ocean_shortcode_after_title":"","ocean_shortcode_before_footer_widgets":"","ocean_shortcode_after_footer_widgets":"","ocean_shortcode_before_footer_bottom":"","ocean_shortcode_after_footer_bottom":"","ocean_display_top_bar":"default","ocean_display_header":"default","ocean_header_style":"","ocean_center_header_left_menu":"","ocean_custom_header_template":"","ocean_custom_logo":0,"ocean_custom_retina_logo":0,"ocean_custom_logo_max_width":0,"ocean_custom_logo_tablet_max_width":0,"ocean_custom_logo_mobile_max_width":0,"ocean_custom_logo_max_height":0,"ocean_custom_logo_tablet_max_height":0,"ocean_custom_logo_mobile_max_height":0,"ocean_header_custom_menu":"","ocean_menu_typo_font_family":"","ocean_menu_typo_font_subset":"","ocean_menu_typo_font_size":0,"ocean_menu_typo_font_size_tablet":0,"ocean_menu_typo_font_size_mobile":0,"ocean_menu_typo_font_size_unit":"px","ocean_menu_typo_font_weight":"","ocean_menu_typo_font_weight_tablet":"","ocean_menu_typo_font_weight_mobile":"","ocean_menu_typo_transform":"","ocean_menu_typo_transform_tablet":"","ocean_menu_typo_transform_mobile":"","ocean_menu_typo_line_height":0,"ocean_menu_typo_line_height_tablet":0,"ocean_menu_typo_line_height_mobile":0,"ocean_menu_typo_line_height_unit":"","ocean_menu_typo_spacing":0,"ocean_menu_typo_spacing_tablet":0,"ocean_menu_typo_spacing_mobile":0,"ocean_menu_typo_spacing_unit":"","ocean_menu_link_color":"","ocean_menu_link_color_hover":"","ocean_menu_link_color_active":"","ocean_menu_link_background":"","ocean_menu_link_hover_background":"","ocean_menu_link_active_background":"","ocean_menu_social_links_bg":"","ocean_menu_social_hover_links_bg":"","ocean_menu_social_links_color":"","ocean_menu_social_hover_links_color":"","ocean_disable_title":"default","ocean_disable_heading":"default","ocean_post_title":"","ocean_post_subheading":"","ocean_post_title_style":"","ocean_post_title_background_color":"","ocean_post_title_background":0,"ocean_post_title_bg_image_position":"","ocean_post_title_bg_image_attachment":"","ocean_post_title_bg_image_repeat":"","ocean_post_title_bg_image_size":"","ocean_post_title_height":0,"ocean_post_title_bg_overlay":0.5,"ocean_post_title_bg_overlay_color":"","ocean_disable_breadcrumbs":"default","ocean_breadcrumbs_color":"","ocean_breadcrumbs_separator_color":"","ocean_breadcrumbs_links_color":"","ocean_breadcrumbs_links_hover_color":"","ocean_display_footer_widgets":"default","ocean_display_footer_bottom":"default","ocean_custom_footer_template":"","footnotes":""},"class_list":["post-133","page","type-page","status-publish","hentry","entry"],"_links":{"self":[{"href":"https:\/\/neusser-gold.de\/index.php?rest_route=\/wp\/v2\/pages\/133","targetHints":{"allow":["GET"]}}],"collection":[{"href":"https:\/\/neusser-gold.de\/index.php?rest_route=\/wp\/v2\/pages"}],"about":[{"href":"https:\/\/neusser-gold.de\/index.php?rest_route=\/wp\/v2\/types\/page"}],"author":[{"embeddable":true,"href":"https:\/\/neusser-gold.de\/index.php?rest_route=\/wp\/v2\/users\/1"}],"replies":[{"embeddable":true,"href":"https:\/\/neusser-gold.de\/index.php?rest_route=%2Fwp%2Fv2%2Fcomments&post=133"}],"version-history":[{"count":19,"href":"https:\/\/neusser-gold.de\/index.php?rest_route=\/wp\/v2\/pages\/133\/revisions"}],"predecessor-version":[{"id":766,"href":"https:\/\/neusser-gold.de\/index.php?rest_route=\/wp\/v2\/pages\/133\/revisions\/766"}],"up":[{"embeddable":true,"href":"https:\/\/neusser-gold.de\/index.php?rest_route=\/wp\/v2\/pages\/80"}],"wp:attachment":[{"href":"https:\/\/neusser-gold.de\/index.php?rest_route=%2Fwp%2Fv2%2Fmedia&parent=133"}],"curies":[{"name":"wp","href":"https:\/\/api.w.org\/{rel}","templated":true}]}}