{"id":157,"date":"2022-03-15T11:53:11","date_gmt":"2022-03-15T11:53:11","guid":{"rendered":"https:\/\/neusser-gold.de\/?page_id=157"},"modified":"2023-01-26T11:16:10","modified_gmt":"2023-01-26T10:16:10","slug":"die-bienenkoenigin","status":"publish","type":"page","link":"https:\/\/neusser-gold.de\/?page_id=157","title":{"rendered":"Die Bienenk\u00f6nigin"},"content":{"rendered":"<p>Ohne die Bienenk\u00f6nigin gibt es kein Bienenvolk. Doch anders als der Name vermuten l\u00e4sst, regiert sie das Volk nicht. Wie jede andere Biene eines Staates hat die Bienenk\u00f6nigin Aufgaben zu erf\u00fcllen, in dem Fall das Legen von Eiern.<\/p>\n<p>Um das zu k\u00f6nnen, fliegt sie am Anfang ihres Lebens auf den sogenannten Hochzeitsflug, wo sie von zehn bis Drohnen begattet wird. Der dabei \u00fcbergebenen Spermienvorrat muss ein Leben lang halten.<\/p>\n<p>In der Hochzeiten der Volksentwicklung im Mai \/ Juni legt eine K\u00f6nigin bis zu 2000 Eier am Tag. Das betr\u00e4gt fast doppelt soviel wie ihr eigenes K\u00f6rpergewicht.<\/p>\n<p>\u00a0<br \/>Bildquelle: pixabay\t\t<\/p>\n<style>\/*! elementor - v3.10.1 - 17-01-2023 *\/\n.elementor-widget-image{text-align:center}.elementor-widget-image a{display:inline-block}.elementor-widget-image a img[src$=\".svg\"]{width:48px}.elementor-widget-image img{vertical-align:middle;display:inline-block}<\/style>\n<p>\t\t\t\t\t\t\t\t\t\t\t\t<img decoding=\"async\" width=\"1024\" height=\"686\" src=\"https:\/\/neusser-gold.de\/wp-content\/uploads\/2022\/03\/Koenigin_3-1024x686.jpg\" alt=\"\" loading=\"lazy\" srcset=\"https:\/\/neusser-gold.de\/wp-content\/uploads\/2022\/03\/Koenigin_3-1024x686.jpg 1024w, https:\/\/neusser-gold.de\/wp-content\/uploads\/2022\/03\/Koenigin_3-300x201.jpg 300w, https:\/\/neusser-gold.de\/wp-content\/uploads\/2022\/03\/Koenigin_3-768x514.jpg 768w, https:\/\/neusser-gold.de\/wp-content\/uploads\/2022\/03\/Koenigin_3-1536x1029.jpg 1536w, https:\/\/neusser-gold.de\/wp-content\/uploads\/2022\/03\/Koenigin_3-2048x1372.jpg 2048w\" sizes=\"auto, (max-width: 1024px) 100vw, 1024px\" \/><\/p>\n","protected":false},"excerpt":{"rendered":"<p>Ohne die Bienenk\u00f6nigin gibt es kein Bienenvolk. Doch anders als der Name vermuten l\u00e4sst, regiert sie das Volk nicht. Wie jede andere Biene eines Staates hat die Bienenk\u00f6nigin Aufgaben zu erf\u00fcllen, in dem Fall das Legen von Eiern. Um das zu k\u00f6nnen, fliegt sie am Anfang ihres Lebens auf den sogenannten Hochzeitsflug, wo sie von [&hellip;]<\/p>\n","protected":false},"author":1,"featured_media":0,"parent":85,"menu_order":0,"comment_status":"closed","ping_status":"closed","template":"","meta":{"ocean_post_layout":"","ocean_both_sidebars_style":"","ocean_both_sidebars_content_width":0,"ocean_both_sidebars_sidebars_width":0,"ocean_sidebar":"","ocean_second_sidebar":"","ocean_disable_margins":"enable","ocean_add_body_class":"","ocean_shortcode_before_top_bar":"","ocean_shortcode_after_top_bar":"","ocean_shortcode_before_header":"","ocean_shortcode_after_header":"","ocean_has_shortcode":"","ocean_shortcode_after_title":"","ocean_shortcode_before_footer_widgets":"","ocean_shortcode_after_footer_widgets":"","ocean_shortcode_before_footer_bottom":"","ocean_shortcode_after_footer_bottom":"","ocean_display_top_bar":"default","ocean_display_header":"default","ocean_header_style":"","ocean_center_header_left_menu":"","ocean_custom_header_template":"","ocean_custom_logo":0,"ocean_custom_retina_logo":0,"ocean_custom_logo_max_width":0,"ocean_custom_logo_tablet_max_width":0,"ocean_custom_logo_mobile_max_width":0,"ocean_custom_logo_max_height":0,"ocean_custom_logo_tablet_max_height":0,"ocean_custom_logo_mobile_max_height":0,"ocean_header_custom_menu":"","ocean_menu_typo_font_family":"","ocean_menu_typo_font_subset":"","ocean_menu_typo_font_size":0,"ocean_menu_typo_font_size_tablet":0,"ocean_menu_typo_font_size_mobile":0,"ocean_menu_typo_font_size_unit":"px","ocean_menu_typo_font_weight":"","ocean_menu_typo_font_weight_tablet":"","ocean_menu_typo_font_weight_mobile":"","ocean_menu_typo_transform":"","ocean_menu_typo_transform_tablet":"","ocean_menu_typo_transform_mobile":"","ocean_menu_typo_line_height":0,"ocean_menu_typo_line_height_tablet":0,"ocean_menu_typo_line_height_mobile":0,"ocean_menu_typo_line_height_unit":"","ocean_menu_typo_spacing":0,"ocean_menu_typo_spacing_tablet":0,"ocean_menu_typo_spacing_mobile":0,"ocean_menu_typo_spacing_unit":"","ocean_menu_link_color":"","ocean_menu_link_color_hover":"","ocean_menu_link_color_active":"","ocean_menu_link_background":"","ocean_menu_link_hover_background":"","ocean_menu_link_active_background":"","ocean_menu_social_links_bg":"","ocean_menu_social_hover_links_bg":"","ocean_menu_social_links_color":"","ocean_menu_social_hover_links_color":"","ocean_disable_title":"default","ocean_disable_heading":"default","ocean_post_title":"","ocean_post_subheading":"","ocean_post_title_style":"","ocean_post_title_background_color":"","ocean_post_title_background":0,"ocean_post_title_bg_image_position":"","ocean_post_title_bg_image_attachment":"","ocean_post_title_bg_image_repeat":"","ocean_post_title_bg_image_size":"","ocean_post_title_height":0,"ocean_post_title_bg_overlay":0.5,"ocean_post_title_bg_overlay_color":"","ocean_disable_breadcrumbs":"default","ocean_breadcrumbs_color":"","ocean_breadcrumbs_separator_color":"","ocean_breadcrumbs_links_color":"","ocean_breadcrumbs_links_hover_color":"","ocean_display_footer_widgets":"default","ocean_display_footer_bottom":"default","ocean_custom_footer_template":"","footnotes":""},"class_list":["post-157","page","type-page","status-publish","hentry","entry"],"_links":{"self":[{"href":"https:\/\/neusser-gold.de\/index.php?rest_route=\/wp\/v2\/pages\/157","targetHints":{"allow":["GET"]}}],"collection":[{"href":"https:\/\/neusser-gold.de\/index.php?rest_route=\/wp\/v2\/pages"}],"about":[{"href":"https:\/\/neusser-gold.de\/index.php?rest_route=\/wp\/v2\/types\/page"}],"author":[{"embeddable":true,"href":"https:\/\/neusser-gold.de\/index.php?rest_route=\/wp\/v2\/users\/1"}],"replies":[{"embeddable":true,"href":"https:\/\/neusser-gold.de\/index.php?rest_route=%2Fwp%2Fv2%2Fcomments&post=157"}],"version-history":[{"count":13,"href":"https:\/\/neusser-gold.de\/index.php?rest_route=\/wp\/v2\/pages\/157\/revisions"}],"predecessor-version":[{"id":947,"href":"https:\/\/neusser-gold.de\/index.php?rest_route=\/wp\/v2\/pages\/157\/revisions\/947"}],"up":[{"embeddable":true,"href":"https:\/\/neusser-gold.de\/index.php?rest_route=\/wp\/v2\/pages\/85"}],"wp:attachment":[{"href":"https:\/\/neusser-gold.de\/index.php?rest_route=%2Fwp%2Fv2%2Fmedia&parent=157"}],"curies":[{"name":"wp","href":"https:\/\/api.w.org\/{rel}","templated":true}]}}