{"id":162,"date":"2022-03-15T11:53:35","date_gmt":"2022-03-15T11:53:35","guid":{"rendered":"https:\/\/neusser-gold.de\/?page_id=162"},"modified":"2022-03-23T20:42:26","modified_gmt":"2022-03-23T19:42:26","slug":"der-schwarm","status":"publish","type":"page","link":"https:\/\/neusser-gold.de\/?page_id=162","title":{"rendered":"Der Schwarm"},"content":{"rendered":"<p>Der Bienenschwarm ist die nat\u00fcrliche Form eines Bienenvolkes, sich zu vermehren. Ab ca. Mitte Mai teilt sich das Bienenvolk und die H\u00e4lfte der Bienen schw\u00e4rmt aus, um sich eine neue Behausung zu suchen. Meist l\u00e4sst sich der Schwarm f\u00fcr ein paar Stunden in der N\u00e4he an einem Ast nieder, bis Kundschafterbienen ein neues Zuhause gefunden haben.<\/p>\n<p>Es ist ungeheuer beeindruckend, wenn bis zu 20.000 Bienen gleichzeitig als Wolke den Himmeln verdunkeln!<\/p>\n<p style=\"text-align: center;\"><b>Falls Sie einen Schwarm sehen, bitte rufen Sie uns unter<br \/>0172\/211 5985 an.<br \/>Der Bienenschwarm wird ohne Betreuung mit gro\u00dfer Wahrscheinlichkeit sterben<\/b><del datetime=\"2022-03-23T19:35:26+00:00\"><\/del><\/p>\n<style>\/*! elementor - v3.6.0 - 21-03-2022 *\/\n.elementor-widget-image{text-align:center}.elementor-widget-image a{display:inline-block}.elementor-widget-image a img[src$=\".svg\"]{width:48px}.elementor-widget-image img{vertical-align:middle;display:inline-block}<\/style>\n<p>\t\t\t\t\t\t\t\t\t\t\t\t<img decoding=\"async\" width=\"1024\" height=\"981\" src=\"https:\/\/neusser-gold.de\/wp-content\/uploads\/2022\/03\/Bienenschwarm_2_mit-Text-1024x981.jpg\" alt=\"\" loading=\"lazy\" srcset=\"https:\/\/neusser-gold.de\/wp-content\/uploads\/2022\/03\/Bienenschwarm_2_mit-Text-1024x981.jpg 1024w, https:\/\/neusser-gold.de\/wp-content\/uploads\/2022\/03\/Bienenschwarm_2_mit-Text-300x287.jpg 300w, https:\/\/neusser-gold.de\/wp-content\/uploads\/2022\/03\/Bienenschwarm_2_mit-Text-768x736.jpg 768w, https:\/\/neusser-gold.de\/wp-content\/uploads\/2022\/03\/Bienenschwarm_2_mit-Text-1536x1472.jpg 1536w, https:\/\/neusser-gold.de\/wp-content\/uploads\/2022\/03\/Bienenschwarm_2_mit-Text.jpg 1745w\" sizes=\"auto, (max-width: 1024px) 100vw, 1024px\" \/><\/p>\n","protected":false},"excerpt":{"rendered":"<p>Der Bienenschwarm ist die nat\u00fcrliche Form eines Bienenvolkes, sich zu vermehren. Ab ca. Mitte Mai teilt sich das Bienenvolk und die H\u00e4lfte der Bienen schw\u00e4rmt aus, um sich eine neue Behausung zu suchen. Meist l\u00e4sst sich der Schwarm f\u00fcr ein paar Stunden in der N\u00e4he an einem Ast nieder, bis Kundschafterbienen ein neues Zuhause gefunden [&hellip;]<\/p>\n","protected":false},"author":1,"featured_media":0,"parent":85,"menu_order":0,"comment_status":"closed","ping_status":"closed","template":"","meta":{"ocean_post_layout":"","ocean_both_sidebars_style":"","ocean_both_sidebars_content_width":0,"ocean_both_sidebars_sidebars_width":0,"ocean_sidebar":"","ocean_second_sidebar":"","ocean_disable_margins":"enable","ocean_add_body_class":"","ocean_shortcode_before_top_bar":"","ocean_shortcode_after_top_bar":"","ocean_shortcode_before_header":"","ocean_shortcode_after_header":"","ocean_has_shortcode":"","ocean_shortcode_after_title":"","ocean_shortcode_before_footer_widgets":"","ocean_shortcode_after_footer_widgets":"","ocean_shortcode_before_footer_bottom":"","ocean_shortcode_after_footer_bottom":"","ocean_display_top_bar":"default","ocean_display_header":"default","ocean_header_style":"","ocean_center_header_left_menu":"","ocean_custom_header_template":"","ocean_custom_logo":0,"ocean_custom_retina_logo":0,"ocean_custom_logo_max_width":0,"ocean_custom_logo_tablet_max_width":0,"ocean_custom_logo_mobile_max_width":0,"ocean_custom_logo_max_height":0,"ocean_custom_logo_tablet_max_height":0,"ocean_custom_logo_mobile_max_height":0,"ocean_header_custom_menu":"","ocean_menu_typo_font_family":"","ocean_menu_typo_font_subset":"","ocean_menu_typo_font_size":0,"ocean_menu_typo_font_size_tablet":0,"ocean_menu_typo_font_size_mobile":0,"ocean_menu_typo_font_size_unit":"px","ocean_menu_typo_font_weight":"","ocean_menu_typo_font_weight_tablet":"","ocean_menu_typo_font_weight_mobile":"","ocean_menu_typo_transform":"","ocean_menu_typo_transform_tablet":"","ocean_menu_typo_transform_mobile":"","ocean_menu_typo_line_height":0,"ocean_menu_typo_line_height_tablet":0,"ocean_menu_typo_line_height_mobile":0,"ocean_menu_typo_line_height_unit":"","ocean_menu_typo_spacing":0,"ocean_menu_typo_spacing_tablet":0,"ocean_menu_typo_spacing_mobile":0,"ocean_menu_typo_spacing_unit":"","ocean_menu_link_color":"","ocean_menu_link_color_hover":"","ocean_menu_link_color_active":"","ocean_menu_link_background":"","ocean_menu_link_hover_background":"","ocean_menu_link_active_background":"","ocean_menu_social_links_bg":"","ocean_menu_social_hover_links_bg":"","ocean_menu_social_links_color":"","ocean_menu_social_hover_links_color":"","ocean_disable_title":"default","ocean_disable_heading":"default","ocean_post_title":"","ocean_post_subheading":"","ocean_post_title_style":"","ocean_post_title_background_color":"","ocean_post_title_background":0,"ocean_post_title_bg_image_position":"","ocean_post_title_bg_image_attachment":"","ocean_post_title_bg_image_repeat":"","ocean_post_title_bg_image_size":"","ocean_post_title_height":0,"ocean_post_title_bg_overlay":0.5,"ocean_post_title_bg_overlay_color":"","ocean_disable_breadcrumbs":"default","ocean_breadcrumbs_color":"","ocean_breadcrumbs_separator_color":"","ocean_breadcrumbs_links_color":"","ocean_breadcrumbs_links_hover_color":"","ocean_display_footer_widgets":"default","ocean_display_footer_bottom":"default","ocean_custom_footer_template":"","footnotes":""},"class_list":["post-162","page","type-page","status-publish","hentry","entry"],"_links":{"self":[{"href":"https:\/\/neusser-gold.de\/index.php?rest_route=\/wp\/v2\/pages\/162","targetHints":{"allow":["GET"]}}],"collection":[{"href":"https:\/\/neusser-gold.de\/index.php?rest_route=\/wp\/v2\/pages"}],"about":[{"href":"https:\/\/neusser-gold.de\/index.php?rest_route=\/wp\/v2\/types\/page"}],"author":[{"embeddable":true,"href":"https:\/\/neusser-gold.de\/index.php?rest_route=\/wp\/v2\/users\/1"}],"replies":[{"embeddable":true,"href":"https:\/\/neusser-gold.de\/index.php?rest_route=%2Fwp%2Fv2%2Fcomments&post=162"}],"version-history":[{"count":7,"href":"https:\/\/neusser-gold.de\/index.php?rest_route=\/wp\/v2\/pages\/162\/revisions"}],"predecessor-version":[{"id":780,"href":"https:\/\/neusser-gold.de\/index.php?rest_route=\/wp\/v2\/pages\/162\/revisions\/780"}],"up":[{"embeddable":true,"href":"https:\/\/neusser-gold.de\/index.php?rest_route=\/wp\/v2\/pages\/85"}],"wp:attachment":[{"href":"https:\/\/neusser-gold.de\/index.php?rest_route=%2Fwp%2Fv2%2Fmedia&parent=162"}],"curies":[{"name":"wp","href":"https:\/\/api.w.org\/{rel}","templated":true}]}}