{"id":172,"date":"2022-03-15T11:54:30","date_gmt":"2022-03-15T11:54:30","guid":{"rendered":"https:\/\/neusser-gold.de\/?page_id=172"},"modified":"2023-01-26T11:24:02","modified_gmt":"2023-01-26T10:24:02","slug":"varroamilbe","status":"publish","type":"page","link":"https:\/\/neusser-gold.de\/?page_id=172","title":{"rendered":"Varroamilbe"},"content":{"rendered":"<p>Die Varroamilbe sorgt in einer Imkerei f\u00fcr einen zunehmenden Verlust an Bienenv\u00f6lker. Die Milben befallen haupts\u00e4chlich die Brut der Bienenv\u00f6lker, in dem sie sich in die Brutzellen einnisten und die Brut sch\u00e4digen.<\/p>\n<p>Durch das Aussaugen verbreitet die Varroamilbe auch Krankheiten im Bienenvolk. Tote und fehlgebildete Bienen sind das Resultat.<\/p>\n<p>Imker versuchen im Jahresverlauf mit verschiedenen Methoden den Varroadruck des Volkes zu mindern. Bekannte Methoden sind die Ameisens\u00e4ure- und Oxals\u00e4urebehandlung.<\/p>\n<p>Alle Imker m\u00fcssen mit diesem Sch\u00e4dling leben. Wir hoffen das die Forschung in naher Zukunft Wege findet, um diesen Sch\u00e4dling besser zu bek\u00e4mpfen oder sogar auszurotten.<\/p>\n<style>\/*! elementor - v3.10.1 - 17-01-2023 *\/\n.elementor-widget-image{text-align:center}.elementor-widget-image a{display:inline-block}.elementor-widget-image a img[src$=\".svg\"]{width:48px}.elementor-widget-image img{vertical-align:middle;display:inline-block}<\/style>\n<p>\t\t\t\t\t\t\t\t\t\t\t\t<img decoding=\"async\" width=\"1024\" height=\"683\" src=\"https:\/\/neusser-gold.de\/wp-content\/uploads\/2023\/01\/honeybee-7339727_1920-1024x683.jpg\" alt=\"\" loading=\"lazy\" srcset=\"https:\/\/neusser-gold.de\/wp-content\/uploads\/2023\/01\/honeybee-7339727_1920-1024x683.jpg 1024w, https:\/\/neusser-gold.de\/wp-content\/uploads\/2023\/01\/honeybee-7339727_1920-300x200.jpg 300w, https:\/\/neusser-gold.de\/wp-content\/uploads\/2023\/01\/honeybee-7339727_1920-768x512.jpg 768w, https:\/\/neusser-gold.de\/wp-content\/uploads\/2023\/01\/honeybee-7339727_1920-1536x1024.jpg 1536w, https:\/\/neusser-gold.de\/wp-content\/uploads\/2023\/01\/honeybee-7339727_1920.jpg 1920w\" sizes=\"auto, (max-width: 1024px) 100vw, 1024px\" \/><\/p>\n","protected":false},"excerpt":{"rendered":"<p>Die Varroamilbe sorgt in einer Imkerei f\u00fcr einen zunehmenden Verlust an Bienenv\u00f6lker. Die Milben befallen haupts\u00e4chlich die Brut der Bienenv\u00f6lker, in dem sie sich in die Brutzellen einnisten und die Brut sch\u00e4digen. Durch das Aussaugen verbreitet die Varroamilbe auch Krankheiten im Bienenvolk. Tote und fehlgebildete Bienen sind das Resultat. Imker versuchen im Jahresverlauf mit verschiedenen [&hellip;]<\/p>\n","protected":false},"author":1,"featured_media":0,"parent":85,"menu_order":0,"comment_status":"closed","ping_status":"closed","template":"","meta":{"ocean_post_layout":"","ocean_both_sidebars_style":"","ocean_both_sidebars_content_width":0,"ocean_both_sidebars_sidebars_width":0,"ocean_sidebar":"","ocean_second_sidebar":"","ocean_disable_margins":"enable","ocean_add_body_class":"","ocean_shortcode_before_top_bar":"","ocean_shortcode_after_top_bar":"","ocean_shortcode_before_header":"","ocean_shortcode_after_header":"","ocean_has_shortcode":"","ocean_shortcode_after_title":"","ocean_shortcode_before_footer_widgets":"","ocean_shortcode_after_footer_widgets":"","ocean_shortcode_before_footer_bottom":"","ocean_shortcode_after_footer_bottom":"","ocean_display_top_bar":"default","ocean_display_header":"default","ocean_header_style":"","ocean_center_header_left_menu":"","ocean_custom_header_template":"","ocean_custom_logo":0,"ocean_custom_retina_logo":0,"ocean_custom_logo_max_width":0,"ocean_custom_logo_tablet_max_width":0,"ocean_custom_logo_mobile_max_width":0,"ocean_custom_logo_max_height":0,"ocean_custom_logo_tablet_max_height":0,"ocean_custom_logo_mobile_max_height":0,"ocean_header_custom_menu":"","ocean_menu_typo_font_family":"","ocean_menu_typo_font_subset":"","ocean_menu_typo_font_size":0,"ocean_menu_typo_font_size_tablet":0,"ocean_menu_typo_font_size_mobile":0,"ocean_menu_typo_font_size_unit":"px","ocean_menu_typo_font_weight":"","ocean_menu_typo_font_weight_tablet":"","ocean_menu_typo_font_weight_mobile":"","ocean_menu_typo_transform":"","ocean_menu_typo_transform_tablet":"","ocean_menu_typo_transform_mobile":"","ocean_menu_typo_line_height":0,"ocean_menu_typo_line_height_tablet":0,"ocean_menu_typo_line_height_mobile":0,"ocean_menu_typo_line_height_unit":"","ocean_menu_typo_spacing":0,"ocean_menu_typo_spacing_tablet":0,"ocean_menu_typo_spacing_mobile":0,"ocean_menu_typo_spacing_unit":"","ocean_menu_link_color":"","ocean_menu_link_color_hover":"","ocean_menu_link_color_active":"","ocean_menu_link_background":"","ocean_menu_link_hover_background":"","ocean_menu_link_active_background":"","ocean_menu_social_links_bg":"","ocean_menu_social_hover_links_bg":"","ocean_menu_social_links_color":"","ocean_menu_social_hover_links_color":"","ocean_disable_title":"default","ocean_disable_heading":"default","ocean_post_title":"","ocean_post_subheading":"","ocean_post_title_style":"","ocean_post_title_background_color":"","ocean_post_title_background":0,"ocean_post_title_bg_image_position":"","ocean_post_title_bg_image_attachment":"","ocean_post_title_bg_image_repeat":"","ocean_post_title_bg_image_size":"","ocean_post_title_height":0,"ocean_post_title_bg_overlay":0.5,"ocean_post_title_bg_overlay_color":"","ocean_disable_breadcrumbs":"default","ocean_breadcrumbs_color":"","ocean_breadcrumbs_separator_color":"","ocean_breadcrumbs_links_color":"","ocean_breadcrumbs_links_hover_color":"","ocean_display_footer_widgets":"default","ocean_display_footer_bottom":"default","ocean_custom_footer_template":"","footnotes":""},"class_list":["post-172","page","type-page","status-publish","hentry","entry"],"_links":{"self":[{"href":"https:\/\/neusser-gold.de\/index.php?rest_route=\/wp\/v2\/pages\/172","targetHints":{"allow":["GET"]}}],"collection":[{"href":"https:\/\/neusser-gold.de\/index.php?rest_route=\/wp\/v2\/pages"}],"about":[{"href":"https:\/\/neusser-gold.de\/index.php?rest_route=\/wp\/v2\/types\/page"}],"author":[{"embeddable":true,"href":"https:\/\/neusser-gold.de\/index.php?rest_route=\/wp\/v2\/users\/1"}],"replies":[{"embeddable":true,"href":"https:\/\/neusser-gold.de\/index.php?rest_route=%2Fwp%2Fv2%2Fcomments&post=172"}],"version-history":[{"count":13,"href":"https:\/\/neusser-gold.de\/index.php?rest_route=\/wp\/v2\/pages\/172\/revisions"}],"predecessor-version":[{"id":965,"href":"https:\/\/neusser-gold.de\/index.php?rest_route=\/wp\/v2\/pages\/172\/revisions\/965"}],"up":[{"embeddable":true,"href":"https:\/\/neusser-gold.de\/index.php?rest_route=\/wp\/v2\/pages\/85"}],"wp:attachment":[{"href":"https:\/\/neusser-gold.de\/index.php?rest_route=%2Fwp%2Fv2%2Fmedia&parent=172"}],"curies":[{"name":"wp","href":"https:\/\/api.w.org\/{rel}","templated":true}]}}