{"id":177,"date":"2022-03-15T11:54:54","date_gmt":"2022-03-15T10:54:54","guid":{"rendered":"https:\/\/neusser-gold.de\/?page_id=177"},"modified":"2023-01-26T11:06:50","modified_gmt":"2023-01-26T10:06:50","slug":"warum-honig-vom-imker","status":"publish","type":"page","link":"https:\/\/neusser-gold.de\/?page_id=177","title":{"rendered":"Warum Honig vom Imker?"},"content":{"rendered":"<p>Honig ist lecker und hat den Ruf, gesund zu sein. Doch das trifft nur nur zu, wenn er als reines Naturprodukt in den Handel kommt. Leider ist das nicht immer der Fall.<\/p>\n<p>Nur etwa 60% der weltweiten Honigproduktion sind nachvollziehbar. Woher die restlichen 40% stammen ist offen. M\u00f6gliche Erkl\u00e4rungen sind aus k\u00fcnstlicher Herstellung oder aus Streckung des Honigs.<\/p>\n<p>Den Honigbedarf in Deutschland decken Imker zu 20% ab, die restlichen 80% werden aus der restlichen Welt importiert. Wenn beim Herkunftsnachweis \u201eAus EU und Nicht-EU-L\u00e4ndern\u201c steht, muss mindestens 1% des Honigs aus der EU sein. Alles andere stammt z.B. aus Argentinien, Mexiko oder China.<\/p>\n<p>Dort wird Honig praktisch industriell hergestellt: Die Bienen werden nur noch zum Sammeln eingesetzt. Der unreife Honig wird entnommen, getrocknet, gefiltert und mit k\u00fcnstlichen Enzymen versetzt, manchmal auch noch mit Zucker oder Sirup gestreckt. Laut einer EU-Pressemitteilung hei\u00dft es: \u201eHonig ist das am dritth\u00e4ufigsten gef\u00e4lschte Produkt weltweit\u201c.<\/p>\n<p>Nur wer seinen Honig beim Imker kauft, kann sicher sein, dass dem Bienenerzeugnis weder etwas hinzugef\u00fcgt noch entzogen wurde. Es handelt sich um ein reines Naturprodukt, das von der Deutschen Honigverordnung streng reglementiert wird.<\/p>\n<p>Au\u00dferdem unterst\u00fctzt man damit die eigene Region, denn die Bienen best\u00e4uben die Obstb\u00e4ume und andere Nutz- und Wildpflanzen direkt vor der Haust\u00fcr und nicht in weit entfernten Gebieten irgendwo auf der Welt.<\/p>\n<\/p>\n<p>Bildquelle: pixabay\t\t<\/p>\n<style>\/*! elementor - v3.10.1 - 17-01-2023 *\/\n.elementor-widget-image{text-align:center}.elementor-widget-image a{display:inline-block}.elementor-widget-image a img[src$=\".svg\"]{width:48px}.elementor-widget-image img{vertical-align:middle;display:inline-block}<\/style>\n<p>\t\t\t\t\t\t\t\t\t\t\t\t<img decoding=\"async\" width=\"1024\" height=\"668\" src=\"https:\/\/neusser-gold.de\/wp-content\/uploads\/2022\/03\/Honig_7-1024x668.jpg\" alt=\"\" loading=\"lazy\" srcset=\"https:\/\/neusser-gold.de\/wp-content\/uploads\/2022\/03\/Honig_7-1024x668.jpg 1024w, https:\/\/neusser-gold.de\/wp-content\/uploads\/2022\/03\/Honig_7-300x196.jpg 300w, https:\/\/neusser-gold.de\/wp-content\/uploads\/2022\/03\/Honig_7-768x501.jpg 768w, https:\/\/neusser-gold.de\/wp-content\/uploads\/2022\/03\/Honig_7-1536x1002.jpg 1536w, https:\/\/neusser-gold.de\/wp-content\/uploads\/2022\/03\/Honig_7.jpg 1920w\" sizes=\"auto, (max-width: 1024px) 100vw, 1024px\" \/><br \/>\n\t\t\t\t\t\t\t\t\t\t\t\t\t\t\t<img decoding=\"async\" width=\"1024\" height=\"683\" src=\"https:\/\/neusser-gold.de\/wp-content\/uploads\/2022\/03\/Honig_6jpg-1024x683.jpg\" alt=\"\" loading=\"lazy\" srcset=\"https:\/\/neusser-gold.de\/wp-content\/uploads\/2022\/03\/Honig_6jpg-1024x683.jpg 1024w, https:\/\/neusser-gold.de\/wp-content\/uploads\/2022\/03\/Honig_6jpg-300x200.jpg 300w, https:\/\/neusser-gold.de\/wp-content\/uploads\/2022\/03\/Honig_6jpg-768x512.jpg 768w, https:\/\/neusser-gold.de\/wp-content\/uploads\/2022\/03\/Honig_6jpg-1536x1024.jpg 1536w, https:\/\/neusser-gold.de\/wp-content\/uploads\/2022\/03\/Honig_6jpg.jpg 1920w\" sizes=\"auto, (max-width: 1024px) 100vw, 1024px\" \/><br \/>\n\t\t\t\t\t\t\t\t\t\t\t\t\t\t\t<img decoding=\"async\" width=\"1024\" height=\"683\" src=\"https:\/\/neusser-gold.de\/wp-content\/uploads\/2022\/03\/Honig_10-1024x683.jpg\" alt=\"\" loading=\"lazy\" srcset=\"https:\/\/neusser-gold.de\/wp-content\/uploads\/2022\/03\/Honig_10-1024x683.jpg 1024w, https:\/\/neusser-gold.de\/wp-content\/uploads\/2022\/03\/Honig_10-300x200.jpg 300w, https:\/\/neusser-gold.de\/wp-content\/uploads\/2022\/03\/Honig_10-768x512.jpg 768w, https:\/\/neusser-gold.de\/wp-content\/uploads\/2022\/03\/Honig_10-1536x1024.jpg 1536w, https:\/\/neusser-gold.de\/wp-content\/uploads\/2022\/03\/Honig_10.jpg 1920w\" sizes=\"auto, (max-width: 1024px) 100vw, 1024px\" \/><\/p>\n","protected":false},"excerpt":{"rendered":"<p>Honig ist lecker und hat den Ruf, gesund zu sein. Doch das trifft nur nur zu, wenn er als reines Naturprodukt in den Handel kommt. Leider ist das nicht immer der Fall. Nur etwa 60% der weltweiten Honigproduktion sind nachvollziehbar. Woher die restlichen 40% stammen ist offen. M\u00f6gliche Erkl\u00e4rungen sind aus k\u00fcnstlicher Herstellung oder aus [&hellip;]<\/p>\n","protected":false},"author":1,"featured_media":0,"parent":90,"menu_order":0,"comment_status":"closed","ping_status":"closed","template":"","meta":{"ocean_post_layout":"","ocean_both_sidebars_style":"","ocean_both_sidebars_content_width":0,"ocean_both_sidebars_sidebars_width":0,"ocean_sidebar":"0","ocean_second_sidebar":"0","ocean_disable_margins":"enable","ocean_add_body_class":"","ocean_shortcode_before_top_bar":"","ocean_shortcode_after_top_bar":"","ocean_shortcode_before_header":"","ocean_shortcode_after_header":"","ocean_has_shortcode":"","ocean_shortcode_after_title":"","ocean_shortcode_before_footer_widgets":"","ocean_shortcode_after_footer_widgets":"","ocean_shortcode_before_footer_bottom":"","ocean_shortcode_after_footer_bottom":"","ocean_display_top_bar":"default","ocean_display_header":"default","ocean_header_style":"","ocean_center_header_left_menu":"0","ocean_custom_header_template":"0","ocean_custom_logo":0,"ocean_custom_retina_logo":0,"ocean_custom_logo_max_width":0,"ocean_custom_logo_tablet_max_width":0,"ocean_custom_logo_mobile_max_width":0,"ocean_custom_logo_max_height":0,"ocean_custom_logo_tablet_max_height":0,"ocean_custom_logo_mobile_max_height":0,"ocean_header_custom_menu":"0","ocean_menu_typo_font_family":"0","ocean_menu_typo_font_subset":"","ocean_menu_typo_font_size":0,"ocean_menu_typo_font_size_tablet":0,"ocean_menu_typo_font_size_mobile":0,"ocean_menu_typo_font_size_unit":"px","ocean_menu_typo_font_weight":"","ocean_menu_typo_font_weight_tablet":"","ocean_menu_typo_font_weight_mobile":"","ocean_menu_typo_transform":"","ocean_menu_typo_transform_tablet":"","ocean_menu_typo_transform_mobile":"","ocean_menu_typo_line_height":0,"ocean_menu_typo_line_height_tablet":0,"ocean_menu_typo_line_height_mobile":0,"ocean_menu_typo_line_height_unit":"","ocean_menu_typo_spacing":0,"ocean_menu_typo_spacing_tablet":0,"ocean_menu_typo_spacing_mobile":0,"ocean_menu_typo_spacing_unit":"","ocean_menu_link_color":"","ocean_menu_link_color_hover":"","ocean_menu_link_color_active":"","ocean_menu_link_background":"","ocean_menu_link_hover_background":"","ocean_menu_link_active_background":"","ocean_menu_social_links_bg":"","ocean_menu_social_hover_links_bg":"","ocean_menu_social_links_color":"","ocean_menu_social_hover_links_color":"","ocean_disable_title":"default","ocean_disable_heading":"default","ocean_post_title":"","ocean_post_subheading":"","ocean_post_title_style":"","ocean_post_title_background_color":"","ocean_post_title_background":0,"ocean_post_title_bg_image_position":"","ocean_post_title_bg_image_attachment":"","ocean_post_title_bg_image_repeat":"","ocean_post_title_bg_image_size":"","ocean_post_title_height":0,"ocean_post_title_bg_overlay":0.5,"ocean_post_title_bg_overlay_color":"","ocean_disable_breadcrumbs":"default","ocean_breadcrumbs_color":"","ocean_breadcrumbs_separator_color":"","ocean_breadcrumbs_links_color":"","ocean_breadcrumbs_links_hover_color":"","ocean_display_footer_widgets":"default","ocean_display_footer_bottom":"default","ocean_custom_footer_template":"0","footnotes":""},"class_list":["post-177","page","type-page","status-publish","hentry","entry"],"_links":{"self":[{"href":"https:\/\/neusser-gold.de\/index.php?rest_route=\/wp\/v2\/pages\/177","targetHints":{"allow":["GET"]}}],"collection":[{"href":"https:\/\/neusser-gold.de\/index.php?rest_route=\/wp\/v2\/pages"}],"about":[{"href":"https:\/\/neusser-gold.de\/index.php?rest_route=\/wp\/v2\/types\/page"}],"author":[{"embeddable":true,"href":"https:\/\/neusser-gold.de\/index.php?rest_route=\/wp\/v2\/users\/1"}],"replies":[{"embeddable":true,"href":"https:\/\/neusser-gold.de\/index.php?rest_route=%2Fwp%2Fv2%2Fcomments&post=177"}],"version-history":[{"count":20,"href":"https:\/\/neusser-gold.de\/index.php?rest_route=\/wp\/v2\/pages\/177\/revisions"}],"predecessor-version":[{"id":941,"href":"https:\/\/neusser-gold.de\/index.php?rest_route=\/wp\/v2\/pages\/177\/revisions\/941"}],"up":[{"embeddable":true,"href":"https:\/\/neusser-gold.de\/index.php?rest_route=\/wp\/v2\/pages\/90"}],"wp:attachment":[{"href":"https:\/\/neusser-gold.de\/index.php?rest_route=%2Fwp%2Fv2%2Fmedia&parent=177"}],"curies":[{"name":"wp","href":"https:\/\/api.w.org\/{rel}","templated":true}]}}