{"id":182,"date":"2022-03-15T11:55:17","date_gmt":"2022-03-15T11:55:17","guid":{"rendered":"https:\/\/neusser-gold.de\/?page_id=182"},"modified":"2023-01-26T11:30:02","modified_gmt":"2023-01-26T10:30:02","slug":"warum-gibt-es-cremigen-honig","status":"publish","type":"page","link":"https:\/\/neusser-gold.de\/?page_id=182","title":{"rendered":"Warum gibt es fl\u00fcssigen und cremigen Honig?"},"content":{"rendered":"<p><b>Warum gibt es fl\u00fcssigen und cremigen Honig?<\/b><\/p>\n<p>Honig besteht im Unterschied zu Haushaltszucker aus vielen verschiedenen Zuckerarten. Je nach besuchten Pflanzen finden sich im Honig u.a.\u00a0 Rohrzucker (Saccharose), Fruchtzucker (Fruktose) und Traubenzucker (Glukose). Der Rohrzucker\u00a0 wird dann sp\u00e4ter durch die Enzyme der Biene zu Fruchtzucker und Traubenzucker gespalten.<\/p>\n<p>Diese Zuckerarten werden anders verdaut als der Haushaltszucker. Traubenzucker gelangt z.B. \u00fcber den Darm schnell ins Blut, w\u00e4hrend Fruchtzucker und Mehrfachfachzucker verz\u00f6gert aufgenommen werden. Der Blutzuckerspiegel steigt und sinkt nach dem Honigverzehr daher nicht so abrupt wie nach \u201cnormalen\u201d S\u00fc\u00dfigkeiten, sondern langsamer. Das ist ern\u00e4hrungsphysiologisch g\u00fcnstiger.<\/p>\n<p>Honig hat im Vergleich zu Haushaltszucker auch weniger Kalorien. Im Zucker kommen auf 100 Gramm etwa 380 Kilokalorien \u2013 Honig hingegen kommt auf nur rund 300 Kilokalorien je 100 Gramm. Da Honig aber aufgrund des h\u00f6heren Fruktoseanteils wesentlich s\u00fc\u00dfer schmeckt, ben\u00f6tigt man zum S\u00fc\u00dfen von Speisen weniger und kann weitere Kalorien einsparen.<\/p>\n<p>Ob ein Honig schnell fest wird oder fl\u00fcssig bleibt h\u00e4ngt vom Fruktose\/Glukose-Verh\u00e4ltnis im Honig ab.<\/p>\n<p>Honige mit einem hohen Glukose\u00adgehalt wie z.B. Rapshonig werden schneller fest, Honige mit einem niedrigen Glukose\u00adgehalt wie Robinien- oder Rapshonig bleiben bis zu einem Jahr fl\u00fcssig.<\/p>\n<p>Damit man bei einem schnell fest werden Honig nicht nur einen harten Brocken im Glas hat, r\u00fchrt der Imker den Honig w\u00e4hrend der Kristallisationsphase, damit er sch\u00f6n feincremig wird, so wie viele ihn m\u00f6gen.<\/p>\n<p>\u00a0<br \/>Bildquelle: pixabay\t\t<\/p>\n<style>\/*! elementor - v3.10.1 - 17-01-2023 *\/\n.elementor-widget-image{text-align:center}.elementor-widget-image a{display:inline-block}.elementor-widget-image a img[src$=\".svg\"]{width:48px}.elementor-widget-image img{vertical-align:middle;display:inline-block}<\/style>\n<p>\t\t\t\t\t\t\t\t\t\t\t\t<img decoding=\"async\" width=\"1024\" height=\"683\" src=\"https:\/\/neusser-gold.de\/wp-content\/uploads\/2023\/01\/honey-166400_1920-1024x683.jpg\" alt=\"\" loading=\"lazy\" srcset=\"https:\/\/neusser-gold.de\/wp-content\/uploads\/2023\/01\/honey-166400_1920-1024x683.jpg 1024w, https:\/\/neusser-gold.de\/wp-content\/uploads\/2023\/01\/honey-166400_1920-300x200.jpg 300w, https:\/\/neusser-gold.de\/wp-content\/uploads\/2023\/01\/honey-166400_1920-768x512.jpg 768w, https:\/\/neusser-gold.de\/wp-content\/uploads\/2023\/01\/honey-166400_1920-1536x1024.jpg 1536w, https:\/\/neusser-gold.de\/wp-content\/uploads\/2023\/01\/honey-166400_1920.jpg 1920w\" sizes=\"auto, (max-width: 1024px) 100vw, 1024px\" \/><br \/>\n\t\t\t\t\t\t\t\t\t\t\t\t\t\t\t<img decoding=\"async\" width=\"1024\" height=\"683\" src=\"https:\/\/neusser-gold.de\/wp-content\/uploads\/2023\/01\/honey-4770245_1920-1024x683.jpg\" alt=\"\" loading=\"lazy\" srcset=\"https:\/\/neusser-gold.de\/wp-content\/uploads\/2023\/01\/honey-4770245_1920-1024x683.jpg 1024w, https:\/\/neusser-gold.de\/wp-content\/uploads\/2023\/01\/honey-4770245_1920-300x200.jpg 300w, https:\/\/neusser-gold.de\/wp-content\/uploads\/2023\/01\/honey-4770245_1920-768x512.jpg 768w, https:\/\/neusser-gold.de\/wp-content\/uploads\/2023\/01\/honey-4770245_1920-1536x1024.jpg 1536w, https:\/\/neusser-gold.de\/wp-content\/uploads\/2023\/01\/honey-4770245_1920.jpg 1920w\" sizes=\"auto, (max-width: 1024px) 100vw, 1024px\" \/><br \/>\n\t\t\t\t\t\t\t\t\t\t\t\t\t\t\t<img decoding=\"async\" width=\"1024\" height=\"683\" src=\"https:\/\/neusser-gold.de\/wp-content\/uploads\/2023\/01\/honey-5043708_1920-1024x683.jpg\" alt=\"\" loading=\"lazy\" srcset=\"https:\/\/neusser-gold.de\/wp-content\/uploads\/2023\/01\/honey-5043708_1920-1024x683.jpg 1024w, https:\/\/neusser-gold.de\/wp-content\/uploads\/2023\/01\/honey-5043708_1920-300x200.jpg 300w, https:\/\/neusser-gold.de\/wp-content\/uploads\/2023\/01\/honey-5043708_1920-768x512.jpg 768w, https:\/\/neusser-gold.de\/wp-content\/uploads\/2023\/01\/honey-5043708_1920-1536x1024.jpg 1536w, https:\/\/neusser-gold.de\/wp-content\/uploads\/2023\/01\/honey-5043708_1920.jpg 1920w\" sizes=\"auto, (max-width: 1024px) 100vw, 1024px\" \/><\/p>\n","protected":false},"excerpt":{"rendered":"<p>Warum gibt es fl\u00fcssigen und cremigen Honig? Honig besteht im Unterschied zu Haushaltszucker aus vielen verschiedenen Zuckerarten. Je nach besuchten Pflanzen finden sich im Honig u.a.\u00a0 Rohrzucker (Saccharose), Fruchtzucker (Fruktose) und Traubenzucker (Glukose). Der Rohrzucker\u00a0 wird dann sp\u00e4ter durch die Enzyme der Biene zu Fruchtzucker und Traubenzucker gespalten. Diese Zuckerarten werden anders verdaut als der [&hellip;]<\/p>\n","protected":false},"author":1,"featured_media":0,"parent":90,"menu_order":0,"comment_status":"closed","ping_status":"closed","template":"","meta":{"ocean_post_layout":"","ocean_both_sidebars_style":"","ocean_both_sidebars_content_width":0,"ocean_both_sidebars_sidebars_width":0,"ocean_sidebar":"0","ocean_second_sidebar":"0","ocean_disable_margins":"enable","ocean_add_body_class":"","ocean_shortcode_before_top_bar":"","ocean_shortcode_after_top_bar":"","ocean_shortcode_before_header":"","ocean_shortcode_after_header":"","ocean_has_shortcode":"","ocean_shortcode_after_title":"","ocean_shortcode_before_footer_widgets":"","ocean_shortcode_after_footer_widgets":"","ocean_shortcode_before_footer_bottom":"","ocean_shortcode_after_footer_bottom":"","ocean_display_top_bar":"default","ocean_display_header":"default","ocean_header_style":"","ocean_center_header_left_menu":"0","ocean_custom_header_template":"0","ocean_custom_logo":0,"ocean_custom_retina_logo":0,"ocean_custom_logo_max_width":0,"ocean_custom_logo_tablet_max_width":0,"ocean_custom_logo_mobile_max_width":0,"ocean_custom_logo_max_height":0,"ocean_custom_logo_tablet_max_height":0,"ocean_custom_logo_mobile_max_height":0,"ocean_header_custom_menu":"0","ocean_menu_typo_font_family":"0","ocean_menu_typo_font_subset":"","ocean_menu_typo_font_size":0,"ocean_menu_typo_font_size_tablet":0,"ocean_menu_typo_font_size_mobile":0,"ocean_menu_typo_font_size_unit":"px","ocean_menu_typo_font_weight":"","ocean_menu_typo_font_weight_tablet":"","ocean_menu_typo_font_weight_mobile":"","ocean_menu_typo_transform":"","ocean_menu_typo_transform_tablet":"","ocean_menu_typo_transform_mobile":"","ocean_menu_typo_line_height":0,"ocean_menu_typo_line_height_tablet":0,"ocean_menu_typo_line_height_mobile":0,"ocean_menu_typo_line_height_unit":"","ocean_menu_typo_spacing":0,"ocean_menu_typo_spacing_tablet":0,"ocean_menu_typo_spacing_mobile":0,"ocean_menu_typo_spacing_unit":"","ocean_menu_link_color":"","ocean_menu_link_color_hover":"","ocean_menu_link_color_active":"","ocean_menu_link_background":"","ocean_menu_link_hover_background":"","ocean_menu_link_active_background":"","ocean_menu_social_links_bg":"","ocean_menu_social_hover_links_bg":"","ocean_menu_social_links_color":"","ocean_menu_social_hover_links_color":"","ocean_disable_title":"default","ocean_disable_heading":"default","ocean_post_title":"","ocean_post_subheading":"","ocean_post_title_style":"","ocean_post_title_background_color":"","ocean_post_title_background":0,"ocean_post_title_bg_image_position":"","ocean_post_title_bg_image_attachment":"","ocean_post_title_bg_image_repeat":"","ocean_post_title_bg_image_size":"","ocean_post_title_height":0,"ocean_post_title_bg_overlay":0.5,"ocean_post_title_bg_overlay_color":"","ocean_disable_breadcrumbs":"default","ocean_breadcrumbs_color":"","ocean_breadcrumbs_separator_color":"","ocean_breadcrumbs_links_color":"","ocean_breadcrumbs_links_hover_color":"","ocean_display_footer_widgets":"default","ocean_display_footer_bottom":"default","ocean_custom_footer_template":"0","footnotes":""},"class_list":["post-182","page","type-page","status-publish","hentry","entry"],"_links":{"self":[{"href":"https:\/\/neusser-gold.de\/index.php?rest_route=\/wp\/v2\/pages\/182","targetHints":{"allow":["GET"]}}],"collection":[{"href":"https:\/\/neusser-gold.de\/index.php?rest_route=\/wp\/v2\/pages"}],"about":[{"href":"https:\/\/neusser-gold.de\/index.php?rest_route=\/wp\/v2\/types\/page"}],"author":[{"embeddable":true,"href":"https:\/\/neusser-gold.de\/index.php?rest_route=\/wp\/v2\/users\/1"}],"replies":[{"embeddable":true,"href":"https:\/\/neusser-gold.de\/index.php?rest_route=%2Fwp%2Fv2%2Fcomments&post=182"}],"version-history":[{"count":26,"href":"https:\/\/neusser-gold.de\/index.php?rest_route=\/wp\/v2\/pages\/182\/revisions"}],"predecessor-version":[{"id":979,"href":"https:\/\/neusser-gold.de\/index.php?rest_route=\/wp\/v2\/pages\/182\/revisions\/979"}],"up":[{"embeddable":true,"href":"https:\/\/neusser-gold.de\/index.php?rest_route=\/wp\/v2\/pages\/90"}],"wp:attachment":[{"href":"https:\/\/neusser-gold.de\/index.php?rest_route=%2Fwp%2Fv2%2Fmedia&parent=182"}],"curies":[{"name":"wp","href":"https:\/\/api.w.org\/{rel}","templated":true}]}}