{"id":35,"date":"2022-03-15T11:21:43","date_gmt":"2022-03-15T11:21:43","guid":{"rendered":"https:\/\/neusser-gold.de\/?page_id=35"},"modified":"2023-03-15T15:21:51","modified_gmt":"2023-03-15T14:21:51","slug":"honigsorten","status":"publish","type":"page","link":"https:\/\/neusser-gold.de\/?page_id=35","title":{"rendered":"Unsere Honigsorten"},"content":{"rendered":"<style>\/*! elementor - v3.11.5 - 14-03-2023 *\/\n.elementor-widget-image{text-align:center}.elementor-widget-image a{display:inline-block}.elementor-widget-image a img[src$=\".svg\"]{width:48px}.elementor-widget-image img{vertical-align:middle;display:inline-block}<\/style>\n<p>\t\t\t\t\t\t\t\t\t\t\t\t<img decoding=\"async\" width=\"1024\" height=\"88\" src=\"https:\/\/neusser-gold.de\/wp-content\/uploads\/2022\/03\/banner_waben-1024x88.jpg\" alt=\"\" loading=\"lazy\" srcset=\"https:\/\/neusser-gold.de\/wp-content\/uploads\/2022\/03\/banner_waben-1024x88.jpg 1024w, https:\/\/neusser-gold.de\/wp-content\/uploads\/2022\/03\/banner_waben-300x26.jpg 300w, https:\/\/neusser-gold.de\/wp-content\/uploads\/2022\/03\/banner_waben-768x66.jpg 768w, https:\/\/neusser-gold.de\/wp-content\/uploads\/2022\/03\/banner_waben.jpg 1193w\" sizes=\"auto, (max-width: 1024px) 100vw, 1024px\" \/>\t\t\t\t\t\t\t\t\t\t\t\t\t\t\t<\/p>\n<p style=\"font-variant-ligatures: normal; font-variant-caps: normal; font-family: Roboto, sans-serif; font-size: 15px; font-style: normal; font-weight: 400;\">NEUSSER GOLD Honig!<\/p>\n<p style=\"font-variant-ligatures: normal; font-variant-caps: normal; font-family: Roboto, sans-serif; font-size: 15px; font-style: normal; font-weight: 400;\">Unsere Bienen stehen an ausgew\u00e4hlten Standorten inmitten der Natur. Sie finden dort eine Vielzahl unterschied-licher Bl\u00fcten und erbringen eine f\u00fcr uns alle unverzichtbare Best\u00e4ubungsleistung. Gerade diese Vielfalt l\u00e4sst die Bienen \u00e4u\u00dferst aromatische Honige produzieren.<\/p>\n<p style=\"font-variant-ligatures: normal; font-variant-caps: normal; font-family: Roboto, sans-serif; font-size: 15px; font-style: normal; font-weight: 400;\">Unser Honig ist absolut naturbelassen, vollkommen rein und immer zu 100% lokal!<\/p>\n<style>\/*! elementor - v3.11.5 - 14-03-2023 *\/\n.elementor-heading-title{padding:0;margin:0;line-height:1}.elementor-widget-heading .elementor-heading-title[class*=elementor-size-]>a{color:inherit;font-size:inherit;line-height:inherit}.elementor-widget-heading .elementor-heading-title.elementor-size-small{font-size:15px}.elementor-widget-heading .elementor-heading-title.elementor-size-medium{font-size:19px}.elementor-widget-heading .elementor-heading-title.elementor-size-large{font-size:29px}.elementor-widget-heading .elementor-heading-title.elementor-size-xl{font-size:39px}.elementor-widget-heading .elementor-heading-title.elementor-size-xxl{font-size:59px}<\/style>\n<h2>Honig von Neusser Streuobstwiesen<\/h2>\n<figure>\n\t\t\t\t\t\t\t\t\t\t<img decoding=\"async\" width=\"770\" height=\"1024\" src=\"https:\/\/neusser-gold.de\/wp-content\/uploads\/2023\/03\/Rot_Fruehling_994x1322-770x1024.png\" alt=\"\" loading=\"lazy\" srcset=\"https:\/\/neusser-gold.de\/wp-content\/uploads\/2023\/03\/Rot_Fruehling_994x1322-770x1024.png 770w, https:\/\/neusser-gold.de\/wp-content\/uploads\/2023\/03\/Rot_Fruehling_994x1322-226x300.png 226w, https:\/\/neusser-gold.de\/wp-content\/uploads\/2023\/03\/Rot_Fruehling_994x1322-768x1021.png 768w, https:\/\/neusser-gold.de\/wp-content\/uploads\/2023\/03\/Rot_Fruehling_994x1322.png 994w\" sizes=\"auto, (max-width: 770px) 100vw, 770px\" \/><figcaption>Streuobstwiesenhonig, Fr\u00fchlings- oder Sommerbl\u00fcte, cremig, 500g<\/figcaption><\/figure>\n<figure>\n\t\t\t\t\t\t\t\t\t\t<img decoding=\"async\" width=\"743\" height=\"1024\" src=\"https:\/\/neusser-gold.de\/wp-content\/uploads\/2022\/12\/Streuobstwiesen_rot_fluessig_freigestellt_130proz-743x1024.png\" alt=\"\" loading=\"lazy\" srcset=\"https:\/\/neusser-gold.de\/wp-content\/uploads\/2022\/12\/Streuobstwiesen_rot_fluessig_freigestellt_130proz-743x1024.png 743w, https:\/\/neusser-gold.de\/wp-content\/uploads\/2022\/12\/Streuobstwiesen_rot_fluessig_freigestellt_130proz-218x300.png 218w, https:\/\/neusser-gold.de\/wp-content\/uploads\/2022\/12\/Streuobstwiesen_rot_fluessig_freigestellt_130proz-768x1059.png 768w, https:\/\/neusser-gold.de\/wp-content\/uploads\/2022\/12\/Streuobstwiesen_rot_fluessig_freigestellt_130proz-1114x1536.png 1114w, https:\/\/neusser-gold.de\/wp-content\/uploads\/2022\/12\/Streuobstwiesen_rot_fluessig_freigestellt_130proz-1486x2048.png 1486w, https:\/\/neusser-gold.de\/wp-content\/uploads\/2022\/12\/Streuobstwiesen_rot_fluessig_freigestellt_130proz.png 1722w\" sizes=\"auto, (max-width: 743px) 100vw, 743px\" \/><figcaption>Streuobstwiesenhonig, Sommerbl\u00fcte, fl\u00fcssig, 500g<\/figcaption><\/figure>\n<p>Unser Stammhonig stammt von Bienen auf st\u00e4dtischen Streuobstwiesen, die dort eine un\u00fcberschaubare Anzahl Bl\u00fcten finden. Insbesondere Apfel- und Kirschbl\u00fcten bestimmen das Angebot. Gerade die Vielzahl an teilweise alten regionalen Apfelsorten macht diesen Honig so reich in seinem Aroma.<\/p>\n<style>\/*! elementor - v3.11.5 - 14-03-2023 *\/\n.elementor-column .elementor-spacer-inner{height:var(--spacer-size)}.e-con{--container-widget-width:100%}.e-con-inner>.elementor-widget-spacer,.e-con>.elementor-widget-spacer{width:var(--container-widget-width,var(--spacer-size));--align-self:var(--container-widget-align-self,initial);--flex-shrink:0}.e-con-inner>.elementor-widget-spacer>.elementor-widget-container,.e-con-inner>.elementor-widget-spacer>.elementor-widget-container>.elementor-spacer,.e-con>.elementor-widget-spacer>.elementor-widget-container,.e-con>.elementor-widget-spacer>.elementor-widget-container>.elementor-spacer{height:100%}.e-con-inner>.elementor-widget-spacer>.elementor-widget-container>.elementor-spacer>.elementor-spacer-inner,.e-con>.elementor-widget-spacer>.elementor-widget-container>.elementor-spacer>.elementor-spacer-inner{height:var(--container-widget-height,var(--spacer-size))}<\/style>\n<h2>Honig aus Grimlinghausen<\/h2>\n<figure>\n\t\t\t\t\t\t\t\t\t\t<img decoding=\"async\" width=\"655\" height=\"912\" src=\"https:\/\/neusser-gold.de\/wp-content\/uploads\/2022\/03\/honigglas.png\" alt=\"\" loading=\"lazy\" srcset=\"https:\/\/neusser-gold.de\/wp-content\/uploads\/2022\/03\/honigglas.png 655w, https:\/\/neusser-gold.de\/wp-content\/uploads\/2022\/03\/honigglas-215x300.png 215w\" sizes=\"auto, (max-width: 655px) 100vw, 655px\" \/><figcaption>Fr\u00fchlings- oder Sommerbl\u00fcten-Honig, cremig, 500g Wiesen und G\u00e4rten Grimlinghausens<\/figcaption><\/figure>\n<figure>\n\t\t\t\t\t\t\t\t\t\t<img decoding=\"async\" width=\"770\" height=\"1024\" src=\"https:\/\/neusser-gold.de\/wp-content\/uploads\/2023\/03\/Blau_fluessig_cut_994x1322-770x1024.png\" alt=\"\" loading=\"lazy\" srcset=\"https:\/\/neusser-gold.de\/wp-content\/uploads\/2023\/03\/Blau_fluessig_cut_994x1322-770x1024.png 770w, https:\/\/neusser-gold.de\/wp-content\/uploads\/2023\/03\/Blau_fluessig_cut_994x1322-226x300.png 226w, https:\/\/neusser-gold.de\/wp-content\/uploads\/2023\/03\/Blau_fluessig_cut_994x1322-768x1021.png 768w, https:\/\/neusser-gold.de\/wp-content\/uploads\/2023\/03\/Blau_fluessig_cut_994x1322.png 994w\" sizes=\"auto, (max-width: 770px) 100vw, 770px\" \/><figcaption>Sommerbl\u00fcten-Honig, fl\u00fcssig, 500g Wiesen und G\u00e4rten Grimlinghausens<\/figcaption><\/figure>\n<p>Unser Bl\u00fctenhonig aus Grimlinghausen enth\u00e4lt im Fr\u00fchjahr viel Nektar von fr\u00fch bl\u00fchenden Obstb\u00e4umen, von Schlehen- und Wei\u00dfdornhecken sowie von L\u00f6wenzahnwiesen. Sein milder Geschmack und die Cremigkeit machen diesen Honig sehr beliegt. Im Sommer schaffen dann die vielen Lindenb\u00e4ume in &#8218;Hippelank&#8216; ein Paradies f\u00fcr die Bienen.<\/p>\n<p style=\"text-align: center;\"><strong>Honig aus den Rheinauen am Reckberg<\/strong><\/p>\n<p>\t\t\t\t\t\t\t\t\t\t\t\t\t\t\t<img decoding=\"async\" width=\"770\" height=\"1024\" src=\"https:\/\/neusser-gold.de\/wp-content\/uploads\/2023\/03\/Raps_994x1322-770x1024.png\" alt=\"\" loading=\"lazy\" srcset=\"https:\/\/neusser-gold.de\/wp-content\/uploads\/2023\/03\/Raps_994x1322-770x1024.png 770w, https:\/\/neusser-gold.de\/wp-content\/uploads\/2023\/03\/Raps_994x1322-226x300.png 226w, https:\/\/neusser-gold.de\/wp-content\/uploads\/2023\/03\/Raps_994x1322-768x1021.png 768w, https:\/\/neusser-gold.de\/wp-content\/uploads\/2023\/03\/Raps_994x1322.png 994w\" sizes=\"auto, (max-width: 770px) 100vw, 770px\" \/><br \/>\n\t\t\t\t\t\t\t\t\t\t\t\t\t\t\t<img decoding=\"async\" width=\"770\" height=\"1024\" src=\"https:\/\/neusser-gold.de\/wp-content\/uploads\/2023\/03\/Akazie_2-770x1024.png\" alt=\"\" loading=\"lazy\" srcset=\"https:\/\/neusser-gold.de\/wp-content\/uploads\/2023\/03\/Akazie_2-770x1024.png 770w, https:\/\/neusser-gold.de\/wp-content\/uploads\/2023\/03\/Akazie_2-226x300.png 226w, https:\/\/neusser-gold.de\/wp-content\/uploads\/2023\/03\/Akazie_2-768x1021.png 768w, https:\/\/neusser-gold.de\/wp-content\/uploads\/2023\/03\/Akazie_2.png 994w\" sizes=\"auto, (max-width: 770px) 100vw, 770px\" \/>\t\t\t\t\t\t\t\t\t\t\t\t\t\t\t<\/p>\n<p>Das Naturschutzgebiet an den Rheinauen zwischen Grimlinghausen und Uedesheim wird von alten Weiden, ausladenden Holunderb\u00fcschen und hochgewachsenen Robinien, die auch Akazien genannt werden,\u00a0 gepr\u00e4gt. Viele neu angelegte Bl\u00fchstreifen und eine extensive Landwirtschaft begrenzen das Gebiet und schaffen f\u00fcr unsere Bienen eine unvergleichliche Vielfalt an Bl\u00fchpflanzen.<\/p>\n<p>Im Fr\u00fchjahr haben die Bienen die M\u00f6glichkeit, die benachbarten rheinischen Rapsfelder anzufliegen. Bei dem so gewonnenen cremigen Rapshonig handelt es sich um die mildeste Honigsorte, weshalb er bei Kindern- und Jugendlichen besonders beliebt ist. Aufgrund seines hohen Glukosegehalt ist der Rapshonig ein guter Energiespender. Diese Honigsorte eignet sich daher gut als sommerlicher Brotaufstrich vor einer Wanderung oder einer Fahrradtour.<\/p>\n<p>Im Sommer sind es dann die hier wachsenden Robinien oder Akazien, die mit ihrem hohen Fruktosegehalt den Honig beeinflussen. Aufgrund seiner Zusammensetzung bleibt dieser Honig lange fl\u00fcssig.<\/p>\n<h2>Honig vom Norf- und vom Hummelbach<\/h2>\n<p>\t\t\t\t\t\t\t\t\t\t\t\t\t\t\t<img decoding=\"async\" width=\"735\" height=\"1024\" src=\"https:\/\/neusser-gold.de\/wp-content\/uploads\/2022\/12\/Lindgruen_500g_freigestellt_zugeschnitten-735x1024.gif\" alt=\"\" loading=\"lazy\" srcset=\"https:\/\/neusser-gold.de\/wp-content\/uploads\/2022\/12\/Lindgruen_500g_freigestellt_zugeschnitten-735x1024.gif 735w, https:\/\/neusser-gold.de\/wp-content\/uploads\/2022\/12\/Lindgruen_500g_freigestellt_zugeschnitten-215x300.gif 215w, https:\/\/neusser-gold.de\/wp-content\/uploads\/2022\/12\/Lindgruen_500g_freigestellt_zugeschnitten-768x1070.gif 768w\" sizes=\"auto, (max-width: 735px) 100vw, 735px\" \/>\t\t\t\t\t\t\t\t\t\t\t\t\t\t\t<\/p>\n<p>Die niederrheinische Kulturlandschaft im Neusser S\u00fcden mit ihren alten B\u00e4umen, den weiten Wiesen und einer Vielzahl kleinerer Gew\u00e4sser bildet eine ideale Heimat f\u00fcr unsere Bienen. Sie finden dort eine solche Vielfalt an heimischen Bl\u00fcten, dass sie einen \u00e4u\u00dferst schmackhaften Honig produzieren.<\/p>\n<h2>Honig aus dem KGV R\u00f6merlager<\/h2>\n<figure>\n\t\t\t\t\t\t\t\t\t\t<img decoding=\"async\" width=\"748\" height=\"1024\" src=\"https:\/\/neusser-gold.de\/wp-content\/uploads\/2022\/03\/KGV_klein-748x1024.jpg\" alt=\"\" loading=\"lazy\" srcset=\"https:\/\/neusser-gold.de\/wp-content\/uploads\/2022\/03\/KGV_klein-748x1024.jpg 748w, https:\/\/neusser-gold.de\/wp-content\/uploads\/2022\/03\/KGV_klein-219x300.jpg 219w, https:\/\/neusser-gold.de\/wp-content\/uploads\/2022\/03\/KGV_klein-768x1052.jpg 768w, https:\/\/neusser-gold.de\/wp-content\/uploads\/2022\/03\/KGV_klein-1122x1536.jpg 1122w, https:\/\/neusser-gold.de\/wp-content\/uploads\/2022\/03\/KGV_klein.jpg 1305w\" sizes=\"auto, (max-width: 748px) 100vw, 748px\" \/><figcaption>Fr\u00fchlings- oder Sommerbl\u00fcten-Honig aus dem KGV R\u00f6merlager,  cremig, 500g <\/figcaption><\/figure>\n<p>Zwischen Gnadental und Meertal liegt der Kleingartenverein &#8222;R\u00f6merlager&#8220;, der gr\u00f6\u00dfte der Neusser Kleingartenvereine. Auf seinen \u00fcber 160 Parzellen sorgen die Kleing\u00e4rtner f\u00fcr ein durchg\u00e4ngiges Bl\u00fctenband, das den Bienen von Februar bis Ende September zur Verf\u00fcgung steht. Auch hier ist es die Vielfalt, die den dort gewonnenen Honig so sehr von Einheitsprodukten abhebt und f\u00fcr einen einzigartigen Genuss sorgt.\u00a0<\/p>\n<p>Einen Teil unserer Honige f\u00fcllen wir auch in das klassische Imkerglas des Deutschen Imkerbunds ab. Diese Markenzeichen steht seit vielen Jahrzehnten f\u00fcr unverf\u00e4lschten Honig bester Qualit\u00e4t.<br \/>Die Gl\u00e4ser sind ein beeindruckendes Zeichen f\u00fcr Nachhaltigkeit. Manchen sind seit Jahrzehnten im Einsatz und werden nach professioneller Reinigung immer wieder neu gef\u00fcllt.<\/p>\n<p>\t\t\t\t\t\t\t\t\t\t\t\t\t\t\t<img decoding=\"async\" width=\"1024\" height=\"597\" src=\"https:\/\/neusser-gold.de\/wp-content\/uploads\/2023\/03\/Bluete_cremig_cut_freigestellt-miz-Schatten-1024x597.png\" alt=\"\" loading=\"lazy\" srcset=\"https:\/\/neusser-gold.de\/wp-content\/uploads\/2023\/03\/Bluete_cremig_cut_freigestellt-miz-Schatten-1024x597.png 1024w, https:\/\/neusser-gold.de\/wp-content\/uploads\/2023\/03\/Bluete_cremig_cut_freigestellt-miz-Schatten-300x175.png 300w, https:\/\/neusser-gold.de\/wp-content\/uploads\/2023\/03\/Bluete_cremig_cut_freigestellt-miz-Schatten-768x448.png 768w, https:\/\/neusser-gold.de\/wp-content\/uploads\/2023\/03\/Bluete_cremig_cut_freigestellt-miz-Schatten-1536x895.png 1536w, https:\/\/neusser-gold.de\/wp-content\/uploads\/2023\/03\/Bluete_cremig_cut_freigestellt-miz-Schatten-1200x700.png 1200w, https:\/\/neusser-gold.de\/wp-content\/uploads\/2023\/03\/Bluete_cremig_cut_freigestellt-miz-Schatten.png 1898w\" sizes=\"auto, (max-width: 1024px) 100vw, 1024px\" \/><br \/>\n\t\t\t\t\t\t\t\t\t\t\t\t\t\t\t<img decoding=\"async\" width=\"1024\" height=\"635\" src=\"https:\/\/neusser-gold.de\/wp-content\/uploads\/2023\/03\/Bluete_fluessig_cut_freigestsellt--1024x635.png\" alt=\"\" loading=\"lazy\" srcset=\"https:\/\/neusser-gold.de\/wp-content\/uploads\/2023\/03\/Bluete_fluessig_cut_freigestsellt--1024x635.png 1024w, https:\/\/neusser-gold.de\/wp-content\/uploads\/2023\/03\/Bluete_fluessig_cut_freigestsellt--300x186.png 300w, https:\/\/neusser-gold.de\/wp-content\/uploads\/2023\/03\/Bluete_fluessig_cut_freigestsellt--768x476.png 768w, https:\/\/neusser-gold.de\/wp-content\/uploads\/2023\/03\/Bluete_fluessig_cut_freigestsellt--1536x953.png 1536w, https:\/\/neusser-gold.de\/wp-content\/uploads\/2023\/03\/Bluete_fluessig_cut_freigestsellt-.png 1770w\" sizes=\"auto, (max-width: 1024px) 100vw, 1024px\" \/><br \/>\n\t\t\t\t\t\t\t\t\t\t\t\t\t\t\t<img decoding=\"async\" width=\"1024\" height=\"649\" src=\"https:\/\/neusser-gold.de\/wp-content\/uploads\/2023\/03\/Raps_cut_2_freigestellt-1024x649.png\" alt=\"\" loading=\"lazy\" srcset=\"https:\/\/neusser-gold.de\/wp-content\/uploads\/2023\/03\/Raps_cut_2_freigestellt-1024x649.png 1024w, https:\/\/neusser-gold.de\/wp-content\/uploads\/2023\/03\/Raps_cut_2_freigestellt-300x190.png 300w, https:\/\/neusser-gold.de\/wp-content\/uploads\/2023\/03\/Raps_cut_2_freigestellt-768x487.png 768w, https:\/\/neusser-gold.de\/wp-content\/uploads\/2023\/03\/Raps_cut_2_freigestellt-1536x974.png 1536w, https:\/\/neusser-gold.de\/wp-content\/uploads\/2023\/03\/Raps_cut_2_freigestellt-2048x1298.png 2048w\" sizes=\"auto, (max-width: 1024px) 100vw, 1024px\" \/><br \/>\n\t\t\t\t\t\t\t\t\t\t\t\t\t\t\t<img decoding=\"async\" width=\"1024\" height=\"664\" src=\"https:\/\/neusser-gold.de\/wp-content\/uploads\/2023\/03\/Akazie_cut_freigestellt-mit-Schatten-1024x664.png\" alt=\"\" loading=\"lazy\" srcset=\"https:\/\/neusser-gold.de\/wp-content\/uploads\/2023\/03\/Akazie_cut_freigestellt-mit-Schatten-1024x664.png 1024w, https:\/\/neusser-gold.de\/wp-content\/uploads\/2023\/03\/Akazie_cut_freigestellt-mit-Schatten-300x195.png 300w, https:\/\/neusser-gold.de\/wp-content\/uploads\/2023\/03\/Akazie_cut_freigestellt-mit-Schatten-768x498.png 768w, https:\/\/neusser-gold.de\/wp-content\/uploads\/2023\/03\/Akazie_cut_freigestellt-mit-Schatten-1536x996.png 1536w, https:\/\/neusser-gold.de\/wp-content\/uploads\/2023\/03\/Akazie_cut_freigestellt-mit-Schatten-2048x1328.png 2048w\" sizes=\"auto, (max-width: 1024px) 100vw, 1024px\" \/><\/p>\n","protected":false},"excerpt":{"rendered":"<p>NEUSSER GOLD Honig! Unsere Bienen stehen an ausgew\u00e4hlten Standorten inmitten der Natur. Sie finden dort eine Vielzahl unterschied-licher Bl\u00fcten und erbringen eine f\u00fcr uns alle unverzichtbare Best\u00e4ubungsleistung. Gerade diese Vielfalt l\u00e4sst die Bienen \u00e4u\u00dferst aromatische Honige produzieren. Unser Honig ist absolut naturbelassen, vollkommen rein und immer zu 100% lokal! Honig von Neusser Streuobstwiesen Streuobstwiesenhonig, Fr\u00fchlings- [&hellip;]<\/p>\n","protected":false},"author":1,"featured_media":0,"parent":75,"menu_order":0,"comment_status":"closed","ping_status":"closed","template":"","meta":{"ocean_post_layout":"","ocean_both_sidebars_style":"","ocean_both_sidebars_content_width":0,"ocean_both_sidebars_sidebars_width":0,"ocean_sidebar":"","ocean_second_sidebar":"","ocean_disable_margins":"enable","ocean_add_body_class":"","ocean_shortcode_before_top_bar":"","ocean_shortcode_after_top_bar":"","ocean_shortcode_before_header":"","ocean_shortcode_after_header":"","ocean_has_shortcode":"","ocean_shortcode_after_title":"","ocean_shortcode_before_footer_widgets":"","ocean_shortcode_after_footer_widgets":"","ocean_shortcode_before_footer_bottom":"","ocean_shortcode_after_footer_bottom":"","ocean_display_top_bar":"default","ocean_display_header":"default","ocean_header_style":"","ocean_center_header_left_menu":"","ocean_custom_header_template":"","ocean_custom_logo":0,"ocean_custom_retina_logo":0,"ocean_custom_logo_max_width":0,"ocean_custom_logo_tablet_max_width":0,"ocean_custom_logo_mobile_max_width":0,"ocean_custom_logo_max_height":0,"ocean_custom_logo_tablet_max_height":0,"ocean_custom_logo_mobile_max_height":0,"ocean_header_custom_menu":"","ocean_menu_typo_font_family":"","ocean_menu_typo_font_subset":"","ocean_menu_typo_font_size":0,"ocean_menu_typo_font_size_tablet":0,"ocean_menu_typo_font_size_mobile":0,"ocean_menu_typo_font_size_unit":"px","ocean_menu_typo_font_weight":"","ocean_menu_typo_font_weight_tablet":"","ocean_menu_typo_font_weight_mobile":"","ocean_menu_typo_transform":"","ocean_menu_typo_transform_tablet":"","ocean_menu_typo_transform_mobile":"","ocean_menu_typo_line_height":0,"ocean_menu_typo_line_height_tablet":0,"ocean_menu_typo_line_height_mobile":0,"ocean_menu_typo_line_height_unit":"","ocean_menu_typo_spacing":0,"ocean_menu_typo_spacing_tablet":0,"ocean_menu_typo_spacing_mobile":0,"ocean_menu_typo_spacing_unit":"","ocean_menu_link_color":"","ocean_menu_link_color_hover":"","ocean_menu_link_color_active":"","ocean_menu_link_background":"","ocean_menu_link_hover_background":"","ocean_menu_link_active_background":"","ocean_menu_social_links_bg":"","ocean_menu_social_hover_links_bg":"","ocean_menu_social_links_color":"","ocean_menu_social_hover_links_color":"","ocean_disable_title":"default","ocean_disable_heading":"default","ocean_post_title":"","ocean_post_subheading":"","ocean_post_title_style":"","ocean_post_title_background_color":"","ocean_post_title_background":0,"ocean_post_title_bg_image_position":"","ocean_post_title_bg_image_attachment":"","ocean_post_title_bg_image_repeat":"","ocean_post_title_bg_image_size":"","ocean_post_title_height":0,"ocean_post_title_bg_overlay":0.5,"ocean_post_title_bg_overlay_color":"","ocean_disable_breadcrumbs":"default","ocean_breadcrumbs_color":"","ocean_breadcrumbs_separator_color":"","ocean_breadcrumbs_links_color":"","ocean_breadcrumbs_links_hover_color":"","ocean_display_footer_widgets":"default","ocean_display_footer_bottom":"default","ocean_custom_footer_template":"","footnotes":""},"class_list":["post-35","page","type-page","status-publish","hentry","entry"],"_links":{"self":[{"href":"https:\/\/neusser-gold.de\/index.php?rest_route=\/wp\/v2\/pages\/35","targetHints":{"allow":["GET"]}}],"collection":[{"href":"https:\/\/neusser-gold.de\/index.php?rest_route=\/wp\/v2\/pages"}],"about":[{"href":"https:\/\/neusser-gold.de\/index.php?rest_route=\/wp\/v2\/types\/page"}],"author":[{"embeddable":true,"href":"https:\/\/neusser-gold.de\/index.php?rest_route=\/wp\/v2\/users\/1"}],"replies":[{"embeddable":true,"href":"https:\/\/neusser-gold.de\/index.php?rest_route=%2Fwp%2Fv2%2Fcomments&post=35"}],"version-history":[{"count":176,"href":"https:\/\/neusser-gold.de\/index.php?rest_route=\/wp\/v2\/pages\/35\/revisions"}],"predecessor-version":[{"id":1027,"href":"https:\/\/neusser-gold.de\/index.php?rest_route=\/wp\/v2\/pages\/35\/revisions\/1027"}],"up":[{"embeddable":true,"href":"https:\/\/neusser-gold.de\/index.php?rest_route=\/wp\/v2\/pages\/75"}],"wp:attachment":[{"href":"https:\/\/neusser-gold.de\/index.php?rest_route=%2Fwp%2Fv2%2Fmedia&parent=35"}],"curies":[{"name":"wp","href":"https:\/\/api.w.org\/{rel}","templated":true}]}}