{"id":58,"date":"2022-03-15T11:37:15","date_gmt":"2022-03-15T11:37:15","guid":{"rendered":"https:\/\/neusser-gold.de\/?page_id=58"},"modified":"2022-03-18T14:08:57","modified_gmt":"2022-03-18T13:08:57","slug":"bienenpatenschaften","status":"publish","type":"page","link":"https:\/\/neusser-gold.de\/?page_id=58","title":{"rendered":"Bienenpatenschaften"},"content":{"rendered":"<style>\/*! elementor - v3.5.6 - 28-02-2022 *\/\n.elementor-heading-title{padding:0;margin:0;line-height:1}.elementor-widget-heading .elementor-heading-title[class*=elementor-size-]>a{color:inherit;font-size:inherit;line-height:inherit}.elementor-widget-heading .elementor-heading-title.elementor-size-small{font-size:15px}.elementor-widget-heading .elementor-heading-title.elementor-size-medium{font-size:19px}.elementor-widget-heading .elementor-heading-title.elementor-size-large{font-size:29px}.elementor-widget-heading .elementor-heading-title.elementor-size-xl{font-size:39px}.elementor-widget-heading .elementor-heading-title.elementor-size-xxl{font-size:59px}<\/style>\n<h2>Bienen-Patenschaften f\u00fcr Unternehmen!<\/h2>\n<ul>\n<li>Sie wissen wie wichtig Bienen f\u00fcr uns alle sind und wollen einen Beitrag leisten?<\/li>\n<li>Sie wollen ihren Mitarbeitern das Thema n\u00e4her bringen und sie anregen, sich in Sachen Natur zu engagieren?<\/li>\n<li>Sie h\u00e4tten gerne ihre <u>eigenen Bienen<\/u>, die man auch sehen und zeigen kann, haben aber nicht die Zeit und das Know-how, sich selbst darum zu k\u00fcmmern?<\/li>\n<li>Sie h\u00e4tten gerne <u>eigenen<\/u> Honig als Geschenk? F\u00fcr Mitarbeiter, Kunden oder Lieferanten?<\/li>\n<li>Sie wissen, dass ein Engagement in Sachen Umwelt- und Naturschutz nicht nur der Umwelt hilft, sondern auch dem Image ihres Unternehmens?<\/li>\n<\/ul>\n<h2>=&gt; Dann haben wir mit unseren Bienenpatenschaften das Richtige f\u00fcr Sie!<\/h2>\n<ul>\n<li>Wir helfen Ihnen zu eigenen Bienen und \u00fcbernehmen die komplette Betreung<\/li>\n<li>Wir stellen die richtigen Bienenbehausungen und branden sie mir Ihrem Logo<\/li>\n<li>Wir informieren Sie regelm\u00e4\u00dfig \u00fcber laufende Arbeiten und die Entwicklung Ihrer Bienen, nat\u00fcrlich mit Fotos f\u00fcr Sie, Ihre Mitarbeiter und Ihre Social media Kan\u00e4le<\/li>\n<li>Wir k\u00fcmmern uns um die Honigernte und f\u00fcllen den Honig in ihre Gl\u00e4ser mit ihrem Etikett ab<\/li>\n<li>Sie k\u00f6nnen die Bienen besuchen, Aktionen mit Azubis veranstalten und vieles mehr<\/li>\n<\/ul>\n<h2>=> Rufen Sie an oder schreiben Sie uns! Wir beraten Sie gerne!<\/h2>\n","protected":false},"excerpt":{"rendered":"<p>Bienen-Patenschaften f\u00fcr Unternehmen! Sie wissen wie wichtig Bienen f\u00fcr uns alle sind und wollen einen Beitrag leisten? Sie wollen ihren Mitarbeitern das Thema n\u00e4her bringen und sie anregen, sich in Sachen Natur zu engagieren? Sie h\u00e4tten gerne ihre eigenen Bienen, die man auch sehen und zeigen kann, haben aber nicht die Zeit und das Know-how, [&hellip;]<\/p>\n","protected":false},"author":1,"featured_media":0,"parent":75,"menu_order":0,"comment_status":"closed","ping_status":"closed","template":"","meta":{"ocean_post_layout":"","ocean_both_sidebars_style":"","ocean_both_sidebars_content_width":0,"ocean_both_sidebars_sidebars_width":0,"ocean_sidebar":"","ocean_second_sidebar":"","ocean_disable_margins":"enable","ocean_add_body_class":"","ocean_shortcode_before_top_bar":"","ocean_shortcode_after_top_bar":"","ocean_shortcode_before_header":"","ocean_shortcode_after_header":"","ocean_has_shortcode":"","ocean_shortcode_after_title":"","ocean_shortcode_before_footer_widgets":"","ocean_shortcode_after_footer_widgets":"","ocean_shortcode_before_footer_bottom":"","ocean_shortcode_after_footer_bottom":"","ocean_display_top_bar":"default","ocean_display_header":"default","ocean_header_style":"","ocean_center_header_left_menu":"","ocean_custom_header_template":"","ocean_custom_logo":0,"ocean_custom_retina_logo":0,"ocean_custom_logo_max_width":0,"ocean_custom_logo_tablet_max_width":0,"ocean_custom_logo_mobile_max_width":0,"ocean_custom_logo_max_height":0,"ocean_custom_logo_tablet_max_height":0,"ocean_custom_logo_mobile_max_height":0,"ocean_header_custom_menu":"","ocean_menu_typo_font_family":"","ocean_menu_typo_font_subset":"","ocean_menu_typo_font_size":0,"ocean_menu_typo_font_size_tablet":0,"ocean_menu_typo_font_size_mobile":0,"ocean_menu_typo_font_size_unit":"px","ocean_menu_typo_font_weight":"","ocean_menu_typo_font_weight_tablet":"","ocean_menu_typo_font_weight_mobile":"","ocean_menu_typo_transform":"","ocean_menu_typo_transform_tablet":"","ocean_menu_typo_transform_mobile":"","ocean_menu_typo_line_height":0,"ocean_menu_typo_line_height_tablet":0,"ocean_menu_typo_line_height_mobile":0,"ocean_menu_typo_line_height_unit":"","ocean_menu_typo_spacing":0,"ocean_menu_typo_spacing_tablet":0,"ocean_menu_typo_spacing_mobile":0,"ocean_menu_typo_spacing_unit":"","ocean_menu_link_color":"","ocean_menu_link_color_hover":"","ocean_menu_link_color_active":"","ocean_menu_link_background":"","ocean_menu_link_hover_background":"","ocean_menu_link_active_background":"","ocean_menu_social_links_bg":"","ocean_menu_social_hover_links_bg":"","ocean_menu_social_links_color":"","ocean_menu_social_hover_links_color":"","ocean_disable_title":"default","ocean_disable_heading":"default","ocean_post_title":"","ocean_post_subheading":"","ocean_post_title_style":"","ocean_post_title_background_color":"","ocean_post_title_background":0,"ocean_post_title_bg_image_position":"","ocean_post_title_bg_image_attachment":"","ocean_post_title_bg_image_repeat":"","ocean_post_title_bg_image_size":"","ocean_post_title_height":0,"ocean_post_title_bg_overlay":0.5,"ocean_post_title_bg_overlay_color":"","ocean_disable_breadcrumbs":"default","ocean_breadcrumbs_color":"","ocean_breadcrumbs_separator_color":"","ocean_breadcrumbs_links_color":"","ocean_breadcrumbs_links_hover_color":"","ocean_display_footer_widgets":"default","ocean_display_footer_bottom":"default","ocean_custom_footer_template":"","footnotes":""},"class_list":["post-58","page","type-page","status-publish","hentry","entry"],"_links":{"self":[{"href":"https:\/\/neusser-gold.de\/index.php?rest_route=\/wp\/v2\/pages\/58","targetHints":{"allow":["GET"]}}],"collection":[{"href":"https:\/\/neusser-gold.de\/index.php?rest_route=\/wp\/v2\/pages"}],"about":[{"href":"https:\/\/neusser-gold.de\/index.php?rest_route=\/wp\/v2\/types\/page"}],"author":[{"embeddable":true,"href":"https:\/\/neusser-gold.de\/index.php?rest_route=\/wp\/v2\/users\/1"}],"replies":[{"embeddable":true,"href":"https:\/\/neusser-gold.de\/index.php?rest_route=%2Fwp%2Fv2%2Fcomments&post=58"}],"version-history":[{"count":10,"href":"https:\/\/neusser-gold.de\/index.php?rest_route=\/wp\/v2\/pages\/58\/revisions"}],"predecessor-version":[{"id":588,"href":"https:\/\/neusser-gold.de\/index.php?rest_route=\/wp\/v2\/pages\/58\/revisions\/588"}],"up":[{"embeddable":true,"href":"https:\/\/neusser-gold.de\/index.php?rest_route=\/wp\/v2\/pages\/75"}],"wp:attachment":[{"href":"https:\/\/neusser-gold.de\/index.php?rest_route=%2Fwp%2Fv2%2Fmedia&parent=58"}],"curies":[{"name":"wp","href":"https:\/\/api.w.org\/{rel}","templated":true}]}}