{"id":63,"date":"2022-03-15T11:37:34","date_gmt":"2022-03-15T11:37:34","guid":{"rendered":"https:\/\/neusser-gold.de\/?page_id=63"},"modified":"2023-11-26T15:52:32","modified_gmt":"2023-11-26T14:52:32","slug":"verkaufsstellen","status":"publish","type":"page","link":"https:\/\/neusser-gold.de\/?page_id=63","title":{"rendered":"Verkaufsstellen"},"content":{"rendered":"<style>\/*! elementor - v3.17.0 - 08-11-2023 *\/\n.elementor-widget-image{text-align:center}.elementor-widget-image a{display:inline-block}.elementor-widget-image a img[src$=\".svg\"]{width:48px}.elementor-widget-image img{vertical-align:middle;display:inline-block}<\/style>\n<p>\t\t\t\t\t\t\t\t\t\t\t\t<img decoding=\"async\" width=\"1024\" height=\"92\" src=\"https:\/\/neusser-gold.de\/wp-content\/uploads\/2022\/03\/Honigwabe_quer-1024x92.jpg\" alt=\"\" loading=\"lazy\" srcset=\"https:\/\/neusser-gold.de\/wp-content\/uploads\/2022\/03\/Honigwabe_quer-1024x92.jpg 1024w, https:\/\/neusser-gold.de\/wp-content\/uploads\/2022\/03\/Honigwabe_quer-300x27.jpg 300w, https:\/\/neusser-gold.de\/wp-content\/uploads\/2022\/03\/Honigwabe_quer-768x69.jpg 768w, https:\/\/neusser-gold.de\/wp-content\/uploads\/2022\/03\/Honigwabe_quer.jpg 1197w\" sizes=\"auto, (max-width: 1024px) 100vw, 1024px\" \/>\t\t\t\t\t\t\t\t\t\t\t\t\t\t\t<\/p>\n<style>\/*! elementor - v3.17.0 - 08-11-2023 *\/\n.elementor-heading-title{padding:0;margin:0;line-height:1}.elementor-widget-heading .elementor-heading-title[class*=elementor-size-]>a{color:inherit;font-size:inherit;line-height:inherit}.elementor-widget-heading .elementor-heading-title.elementor-size-small{font-size:15px}.elementor-widget-heading .elementor-heading-title.elementor-size-medium{font-size:19px}.elementor-widget-heading .elementor-heading-title.elementor-size-large{font-size:29px}.elementor-widget-heading .elementor-heading-title.elementor-size-xl{font-size:39px}.elementor-widget-heading .elementor-heading-title.elementor-size-xxl{font-size:59px}<\/style>\n<h2>Hier gibt es NEUSSER GOLD!<\/h2>\n<p>Am einfachsten ist es sicherlich, den Honig direkt bei uns direkt in Grimlinghausen zu kaufen.<\/p>\n<p>Es gibt aber noch andere Quellen, z.B. den <strong>Latourshof<\/strong> in Nievenheim, die <strong>Neusser Tourist-Info<\/strong> am Rathaus, eine Reihe von <strong>Edeka-M\u00e4rkten<\/strong> (Derikum, Hoisten, Meertal, auf der Moselstra\u00dfe, Knopp&amp;Paul auf der Furth etc). Zus\u00e4tzlich den <strong>Eggenhof<\/strong> auf der Furth, die <strong>Metzgerei Kluth<\/strong> in Reuschenberg und Meerbusch, <strong>Feinkost Breuer<\/strong> in Grimlinghausen oder bei <strong>S\u00e1lina das L\u00e4dchen&nbsp;<\/strong> in Zons.<\/p>\n<p>Wenn Sie zu uns nach Grimlinghausen kommen wollen gerne! Meistens ist jemand aber 18h. Am besten ist es sicherlich, wenn Sie kurz bescheid sagen. Wir finden immer einen Weg und stellen Ihnen auch gerne die &#8222;<strong>Honigbox<\/strong>&#8220; raus, dann sind sie in der Zeit unabh\u00e4ngig<\/p>\n<\/p>\n<figure>\n\t\t\t\t\t\t\t\t\t\t<img decoding=\"async\" width=\"1024\" height=\"766\" src=\"https:\/\/neusser-gold.de\/wp-content\/uploads\/2022\/03\/Honigbox-1024x766.jpg\" alt=\"\" loading=\"lazy\" srcset=\"https:\/\/neusser-gold.de\/wp-content\/uploads\/2022\/03\/Honigbox-1024x766.jpg 1024w, https:\/\/neusser-gold.de\/wp-content\/uploads\/2022\/03\/Honigbox-300x224.jpg 300w, https:\/\/neusser-gold.de\/wp-content\/uploads\/2022\/03\/Honigbox-768x575.jpg 768w, https:\/\/neusser-gold.de\/wp-content\/uploads\/2022\/03\/Honigbox-1536x1149.jpg 1536w, https:\/\/neusser-gold.de\/wp-content\/uploads\/2022\/03\/Honigbox-2048x1532.jpg 2048w\" sizes=\"auto, (max-width: 1024px) 100vw, 1024px\" \/><figcaption>Honigbox, stellen wir gerne f\u00fcr Sie bereit<\/figcaption><\/figure>\n<p>\t\t\t\t\t\t\t\t\t\t\t\t\t\t\t<img decoding=\"async\" width=\"1024\" height=\"766\" src=\"https:\/\/neusser-gold.de\/wp-content\/uploads\/2022\/03\/Honigbox_Geldka-1024x766.jpg\" alt=\"\" loading=\"lazy\" srcset=\"https:\/\/neusser-gold.de\/wp-content\/uploads\/2022\/03\/Honigbox_Geldka-1024x766.jpg 1024w, https:\/\/neusser-gold.de\/wp-content\/uploads\/2022\/03\/Honigbox_Geldka-300x224.jpg 300w, https:\/\/neusser-gold.de\/wp-content\/uploads\/2022\/03\/Honigbox_Geldka-768x575.jpg 768w, https:\/\/neusser-gold.de\/wp-content\/uploads\/2022\/03\/Honigbox_Geldka-1536x1149.jpg 1536w, https:\/\/neusser-gold.de\/wp-content\/uploads\/2022\/03\/Honigbox_Geldka-2048x1532.jpg 2048w\" sizes=\"auto, (max-width: 1024px) 100vw, 1024px\" \/><br \/>\n\t\t\t\t\t\t\t\t\t\t\t\t\t\t\t<img decoding=\"async\" width=\"1024\" height=\"729\" src=\"https:\/\/neusser-gold.de\/wp-content\/uploads\/2023\/11\/Verkaufsstellen_3-1024x729.jpg\" alt=\"\" loading=\"lazy\" srcset=\"https:\/\/neusser-gold.de\/wp-content\/uploads\/2023\/11\/Verkaufsstellen_3-1024x729.jpg 1024w, https:\/\/neusser-gold.de\/wp-content\/uploads\/2023\/11\/Verkaufsstellen_3-300x214.jpg 300w, https:\/\/neusser-gold.de\/wp-content\/uploads\/2023\/11\/Verkaufsstellen_3-768x547.jpg 768w, https:\/\/neusser-gold.de\/wp-content\/uploads\/2023\/11\/Verkaufsstellen_3-1536x1094.jpg 1536w, https:\/\/neusser-gold.de\/wp-content\/uploads\/2023\/11\/Verkaufsstellen_3.jpg 1580w\" sizes=\"auto, (max-width: 1024px) 100vw, 1024px\" \/><\/p>\n","protected":false},"excerpt":{"rendered":"<p>Hier gibt es NEUSSER GOLD! Am einfachsten ist es sicherlich, den Honig direkt bei uns direkt in Grimlinghausen zu kaufen. Es gibt aber noch andere Quellen, z.B. den Latourshof in Nievenheim, die Neusser Tourist-Info am Rathaus, eine Reihe von Edeka-M\u00e4rkten (Derikum, Hoisten, Meertal, auf der Moselstra\u00dfe, Knopp&amp;Paul auf der Furth etc). Zus\u00e4tzlich den Eggenhof auf [&hellip;]<\/p>\n","protected":false},"author":1,"featured_media":0,"parent":75,"menu_order":0,"comment_status":"closed","ping_status":"closed","template":"","meta":{"ocean_post_layout":"","ocean_both_sidebars_style":"","ocean_both_sidebars_content_width":0,"ocean_both_sidebars_sidebars_width":0,"ocean_sidebar":"","ocean_second_sidebar":"","ocean_disable_margins":"enable","ocean_add_body_class":"","ocean_shortcode_before_top_bar":"","ocean_shortcode_after_top_bar":"","ocean_shortcode_before_header":"","ocean_shortcode_after_header":"","ocean_has_shortcode":"","ocean_shortcode_after_title":"","ocean_shortcode_before_footer_widgets":"","ocean_shortcode_after_footer_widgets":"","ocean_shortcode_before_footer_bottom":"","ocean_shortcode_after_footer_bottom":"","ocean_display_top_bar":"default","ocean_display_header":"default","ocean_header_style":"","ocean_center_header_left_menu":"","ocean_custom_header_template":"","ocean_custom_logo":0,"ocean_custom_retina_logo":0,"ocean_custom_logo_max_width":0,"ocean_custom_logo_tablet_max_width":0,"ocean_custom_logo_mobile_max_width":0,"ocean_custom_logo_max_height":0,"ocean_custom_logo_tablet_max_height":0,"ocean_custom_logo_mobile_max_height":0,"ocean_header_custom_menu":"","ocean_menu_typo_font_family":"","ocean_menu_typo_font_subset":"","ocean_menu_typo_font_size":0,"ocean_menu_typo_font_size_tablet":0,"ocean_menu_typo_font_size_mobile":0,"ocean_menu_typo_font_size_unit":"px","ocean_menu_typo_font_weight":"","ocean_menu_typo_font_weight_tablet":"","ocean_menu_typo_font_weight_mobile":"","ocean_menu_typo_transform":"","ocean_menu_typo_transform_tablet":"","ocean_menu_typo_transform_mobile":"","ocean_menu_typo_line_height":0,"ocean_menu_typo_line_height_tablet":0,"ocean_menu_typo_line_height_mobile":0,"ocean_menu_typo_line_height_unit":"","ocean_menu_typo_spacing":0,"ocean_menu_typo_spacing_tablet":0,"ocean_menu_typo_spacing_mobile":0,"ocean_menu_typo_spacing_unit":"","ocean_menu_link_color":"","ocean_menu_link_color_hover":"","ocean_menu_link_color_active":"","ocean_menu_link_background":"","ocean_menu_link_hover_background":"","ocean_menu_link_active_background":"","ocean_menu_social_links_bg":"","ocean_menu_social_hover_links_bg":"","ocean_menu_social_links_color":"","ocean_menu_social_hover_links_color":"","ocean_disable_title":"default","ocean_disable_heading":"default","ocean_post_title":"","ocean_post_subheading":"","ocean_post_title_style":"","ocean_post_title_background_color":"","ocean_post_title_background":0,"ocean_post_title_bg_image_position":"","ocean_post_title_bg_image_attachment":"","ocean_post_title_bg_image_repeat":"","ocean_post_title_bg_image_size":"","ocean_post_title_height":0,"ocean_post_title_bg_overlay":0.5,"ocean_post_title_bg_overlay_color":"","ocean_disable_breadcrumbs":"default","ocean_breadcrumbs_color":"","ocean_breadcrumbs_separator_color":"","ocean_breadcrumbs_links_color":"","ocean_breadcrumbs_links_hover_color":"","ocean_display_footer_widgets":"default","ocean_display_footer_bottom":"default","ocean_custom_footer_template":"","footnotes":""},"class_list":["post-63","page","type-page","status-publish","hentry","entry"],"_links":{"self":[{"href":"https:\/\/neusser-gold.de\/index.php?rest_route=\/wp\/v2\/pages\/63","targetHints":{"allow":["GET"]}}],"collection":[{"href":"https:\/\/neusser-gold.de\/index.php?rest_route=\/wp\/v2\/pages"}],"about":[{"href":"https:\/\/neusser-gold.de\/index.php?rest_route=\/wp\/v2\/types\/page"}],"author":[{"embeddable":true,"href":"https:\/\/neusser-gold.de\/index.php?rest_route=\/wp\/v2\/users\/1"}],"replies":[{"embeddable":true,"href":"https:\/\/neusser-gold.de\/index.php?rest_route=%2Fwp%2Fv2%2Fcomments&post=63"}],"version-history":[{"count":28,"href":"https:\/\/neusser-gold.de\/index.php?rest_route=\/wp\/v2\/pages\/63\/revisions"}],"predecessor-version":[{"id":1078,"href":"https:\/\/neusser-gold.de\/index.php?rest_route=\/wp\/v2\/pages\/63\/revisions\/1078"}],"up":[{"embeddable":true,"href":"https:\/\/neusser-gold.de\/index.php?rest_route=\/wp\/v2\/pages\/75"}],"wp:attachment":[{"href":"https:\/\/neusser-gold.de\/index.php?rest_route=%2Fwp%2Fv2%2Fmedia&parent=63"}],"curies":[{"name":"wp","href":"https:\/\/api.w.org\/{rel}","templated":true}]}}