{"id":95,"date":"2022-03-15T11:41:51","date_gmt":"2022-03-15T11:41:51","guid":{"rendered":"https:\/\/neusser-gold.de\/?page_id=95"},"modified":"2022-03-22T11:16:29","modified_gmt":"2022-03-22T10:16:29","slug":"kosher","status":"publish","type":"page","link":"https:\/\/neusser-gold.de\/?page_id=95","title":{"rendered":"Kosher"},"content":{"rendered":"<p><b>Was bedeutet \u201a<\/b><b>kosher<\/b> <b>(<\/b><b>\u05db\u05bc\u05e9\u05e8<\/b><b>)\u2018<\/b><b>?<\/b><\/p>\n<p>Der D\u00fcsseldorfer Oberrabbiner Raphael Evers hat unserer Imkerei als einziger Imkerei in Deutschland das sogenannte Kaschrut-Zertifikat (\u05db\u05b7\u05bc\u05e9\u05b0\u05e8\u05d5\u05bc\u05ea ) verliehen und damit best\u00e4tigt, dass unser Honig aufgrund seiner au\u00dfergew\u00f6hnlichen Reinheit als &#8222;kosher&#8220; (rein) bezeichnet werden darf.<\/p>\n<p>Diese Auszeichnung ist bei Honig \u00e4u\u00dferst selten, er gilt normalerweise nur als &#8222;parve (neutral)&#8220;.<\/p>\n<p>Alle Ger\u00e4te und Abl\u00e4ufe wurden dazu vom Rabbinat abgenommen und werden auch regelm\u00e4\u00dfig \u00fcberwacht.<\/p>\n<p>Diese au\u00dfergew\u00f6hnliche Auszeichnung findet sich auch in Form des Siegels oder Hechschers (\u05d4\u05db\u05e9\u05e8) des Rabbinats auf den Etiketten unserer Honige.<\/p>\n<p>Diese Regelung gilt nicht nur an gew\u00f6hnlichen\u00a0 Tagen, sondern als besondere Auszeichnung auch am j\u00fcdischen Hochfest Pessach (\u05e4\u05b6\u05bc\u05e1\u05b7\u05d7).<\/p>\n<p>https:\/\/www.youtube.com\/watch?v=q4T1qp0iXQo\t\t<\/p>\n<style>\/*! elementor - v3.5.6 - 28-02-2022 *\/\n.elementor-widget-image{text-align:center}.elementor-widget-image a{display:inline-block}.elementor-widget-image a img[src$=\".svg\"]{width:48px}.elementor-widget-image img{vertical-align:middle;display:inline-block}<\/style>\n<p>\t\t\t\t\t\t\t\t\t\t\t\t<img decoding=\"async\" width=\"833\" height=\"794\" src=\"https:\/\/neusser-gold.de\/wp-content\/uploads\/2022\/03\/Kosher_Siegel_2.jpg\" alt=\"\" loading=\"lazy\" srcset=\"https:\/\/neusser-gold.de\/wp-content\/uploads\/2022\/03\/Kosher_Siegel_2.jpg 833w, https:\/\/neusser-gold.de\/wp-content\/uploads\/2022\/03\/Kosher_Siegel_2-300x286.jpg 300w, https:\/\/neusser-gold.de\/wp-content\/uploads\/2022\/03\/Kosher_Siegel_2-768x732.jpg 768w\" sizes=\"auto, (max-width: 833px) 100vw, 833px\" \/><br \/>\n\t\t\t\t\t\t\t\t\t\t\t\t\t\t\t<img decoding=\"async\" width=\"942\" height=\"1024\" src=\"https:\/\/neusser-gold.de\/wp-content\/uploads\/2022\/03\/Oberrabbiner-Evers-und-Rabbiner-Kaplan-vor-Ort-in-Neuss_klein-942x1024.jpg\" alt=\"\" loading=\"lazy\" srcset=\"https:\/\/neusser-gold.de\/wp-content\/uploads\/2022\/03\/Oberrabbiner-Evers-und-Rabbiner-Kaplan-vor-Ort-in-Neuss_klein-942x1024.jpg 942w, https:\/\/neusser-gold.de\/wp-content\/uploads\/2022\/03\/Oberrabbiner-Evers-und-Rabbiner-Kaplan-vor-Ort-in-Neuss_klein-276x300.jpg 276w, https:\/\/neusser-gold.de\/wp-content\/uploads\/2022\/03\/Oberrabbiner-Evers-und-Rabbiner-Kaplan-vor-Ort-in-Neuss_klein-768x835.jpg 768w, https:\/\/neusser-gold.de\/wp-content\/uploads\/2022\/03\/Oberrabbiner-Evers-und-Rabbiner-Kaplan-vor-Ort-in-Neuss_klein-1413x1536.jpg 1413w, https:\/\/neusser-gold.de\/wp-content\/uploads\/2022\/03\/Oberrabbiner-Evers-und-Rabbiner-Kaplan-vor-Ort-in-Neuss_klein.jpg 1856w\" sizes=\"auto, (max-width: 942px) 100vw, 942px\" \/><br \/>\n\t\t\t\t\t\t\t\t\t\t\t\t\t\t\t<img decoding=\"async\" width=\"724\" height=\"1024\" src=\"https:\/\/neusser-gold.de\/wp-content\/uploads\/2022\/03\/Scan-des-Hekshers_komplett_klein-724x1024.jpg\" alt=\"\" loading=\"lazy\" srcset=\"https:\/\/neusser-gold.de\/wp-content\/uploads\/2022\/03\/Scan-des-Hekshers_komplett_klein-724x1024.jpg 724w, https:\/\/neusser-gold.de\/wp-content\/uploads\/2022\/03\/Scan-des-Hekshers_komplett_klein-212x300.jpg 212w, https:\/\/neusser-gold.de\/wp-content\/uploads\/2022\/03\/Scan-des-Hekshers_komplett_klein-768x1086.jpg 768w, https:\/\/neusser-gold.de\/wp-content\/uploads\/2022\/03\/Scan-des-Hekshers_komplett_klein-1086x1536.jpg 1086w, https:\/\/neusser-gold.de\/wp-content\/uploads\/2022\/03\/Scan-des-Hekshers_komplett_klein-1448x2048.jpg 1448w, https:\/\/neusser-gold.de\/wp-content\/uploads\/2022\/03\/Scan-des-Hekshers_komplett_klein.jpg 1749w\" sizes=\"auto, (max-width: 724px) 100vw, 724px\" \/><br \/>\n\t\t\t\t\t\t\t\t\t\t\t\t\t\t\t<img decoding=\"async\" width=\"1024\" height=\"766\" src=\"https:\/\/neusser-gold.de\/wp-content\/uploads\/2022\/03\/Rabbi_klein-1024x766.jpg\" alt=\"\" loading=\"lazy\" srcset=\"https:\/\/neusser-gold.de\/wp-content\/uploads\/2022\/03\/Rabbi_klein-1024x766.jpg 1024w, https:\/\/neusser-gold.de\/wp-content\/uploads\/2022\/03\/Rabbi_klein-300x224.jpg 300w, https:\/\/neusser-gold.de\/wp-content\/uploads\/2022\/03\/Rabbi_klein-768x574.jpg 768w, https:\/\/neusser-gold.de\/wp-content\/uploads\/2022\/03\/Rabbi_klein-1536x1149.jpg 1536w, https:\/\/neusser-gold.de\/wp-content\/uploads\/2022\/03\/Rabbi_klein-2048x1532.jpg 2048w\" sizes=\"auto, (max-width: 1024px) 100vw, 1024px\" \/><\/p>\n","protected":false},"excerpt":{"rendered":"<p>Was bedeutet \u201akosher (\u05db\u05bc\u05e9\u05e8)\u2018? Der D\u00fcsseldorfer Oberrabbiner Raphael Evers hat unserer Imkerei als einziger Imkerei in Deutschland das sogenannte Kaschrut-Zertifikat (\u05db\u05b7\u05bc\u05e9\u05b0\u05e8\u05d5\u05bc\u05ea ) verliehen und damit best\u00e4tigt, dass unser Honig aufgrund seiner au\u00dfergew\u00f6hnlichen Reinheit als &#8222;kosher&#8220; (rein) bezeichnet werden darf. Diese Auszeichnung ist bei Honig \u00e4u\u00dferst selten, er gilt normalerweise nur als &#8222;parve (neutral)&#8220;. Alle Ger\u00e4te [&hellip;]<\/p>\n","protected":false},"author":1,"featured_media":0,"parent":0,"menu_order":0,"comment_status":"closed","ping_status":"closed","template":"","meta":{"ocean_post_layout":"","ocean_both_sidebars_style":"","ocean_both_sidebars_content_width":0,"ocean_both_sidebars_sidebars_width":0,"ocean_sidebar":"","ocean_second_sidebar":"","ocean_disable_margins":"enable","ocean_add_body_class":"","ocean_shortcode_before_top_bar":"","ocean_shortcode_after_top_bar":"","ocean_shortcode_before_header":"","ocean_shortcode_after_header":"","ocean_has_shortcode":"","ocean_shortcode_after_title":"","ocean_shortcode_before_footer_widgets":"","ocean_shortcode_after_footer_widgets":"","ocean_shortcode_before_footer_bottom":"","ocean_shortcode_after_footer_bottom":"","ocean_display_top_bar":"default","ocean_display_header":"default","ocean_header_style":"","ocean_center_header_left_menu":"","ocean_custom_header_template":"","ocean_custom_logo":0,"ocean_custom_retina_logo":0,"ocean_custom_logo_max_width":0,"ocean_custom_logo_tablet_max_width":0,"ocean_custom_logo_mobile_max_width":0,"ocean_custom_logo_max_height":0,"ocean_custom_logo_tablet_max_height":0,"ocean_custom_logo_mobile_max_height":0,"ocean_header_custom_menu":"","ocean_menu_typo_font_family":"","ocean_menu_typo_font_subset":"","ocean_menu_typo_font_size":0,"ocean_menu_typo_font_size_tablet":0,"ocean_menu_typo_font_size_mobile":0,"ocean_menu_typo_font_size_unit":"px","ocean_menu_typo_font_weight":"","ocean_menu_typo_font_weight_tablet":"","ocean_menu_typo_font_weight_mobile":"","ocean_menu_typo_transform":"","ocean_menu_typo_transform_tablet":"","ocean_menu_typo_transform_mobile":"","ocean_menu_typo_line_height":0,"ocean_menu_typo_line_height_tablet":0,"ocean_menu_typo_line_height_mobile":0,"ocean_menu_typo_line_height_unit":"","ocean_menu_typo_spacing":0,"ocean_menu_typo_spacing_tablet":0,"ocean_menu_typo_spacing_mobile":0,"ocean_menu_typo_spacing_unit":"","ocean_menu_link_color":"","ocean_menu_link_color_hover":"","ocean_menu_link_color_active":"","ocean_menu_link_background":"","ocean_menu_link_hover_background":"","ocean_menu_link_active_background":"","ocean_menu_social_links_bg":"","ocean_menu_social_hover_links_bg":"","ocean_menu_social_links_color":"","ocean_menu_social_hover_links_color":"","ocean_disable_title":"default","ocean_disable_heading":"default","ocean_post_title":"","ocean_post_subheading":"","ocean_post_title_style":"","ocean_post_title_background_color":"","ocean_post_title_background":0,"ocean_post_title_bg_image_position":"","ocean_post_title_bg_image_attachment":"","ocean_post_title_bg_image_repeat":"","ocean_post_title_bg_image_size":"","ocean_post_title_height":0,"ocean_post_title_bg_overlay":0.5,"ocean_post_title_bg_overlay_color":"","ocean_disable_breadcrumbs":"default","ocean_breadcrumbs_color":"","ocean_breadcrumbs_separator_color":"","ocean_breadcrumbs_links_color":"","ocean_breadcrumbs_links_hover_color":"","ocean_display_footer_widgets":"default","ocean_display_footer_bottom":"default","ocean_custom_footer_template":"","footnotes":""},"class_list":["post-95","page","type-page","status-publish","hentry","entry"],"_links":{"self":[{"href":"https:\/\/neusser-gold.de\/index.php?rest_route=\/wp\/v2\/pages\/95","targetHints":{"allow":["GET"]}}],"collection":[{"href":"https:\/\/neusser-gold.de\/index.php?rest_route=\/wp\/v2\/pages"}],"about":[{"href":"https:\/\/neusser-gold.de\/index.php?rest_route=\/wp\/v2\/types\/page"}],"author":[{"embeddable":true,"href":"https:\/\/neusser-gold.de\/index.php?rest_route=\/wp\/v2\/users\/1"}],"replies":[{"embeddable":true,"href":"https:\/\/neusser-gold.de\/index.php?rest_route=%2Fwp%2Fv2%2Fcomments&post=95"}],"version-history":[{"count":13,"href":"https:\/\/neusser-gold.de\/index.php?rest_route=\/wp\/v2\/pages\/95\/revisions"}],"predecessor-version":[{"id":711,"href":"https:\/\/neusser-gold.de\/index.php?rest_route=\/wp\/v2\/pages\/95\/revisions\/711"}],"wp:attachment":[{"href":"https:\/\/neusser-gold.de\/index.php?rest_route=%2Fwp%2Fv2%2Fmedia&parent=95"}],"curies":[{"name":"wp","href":"https:\/\/api.w.org\/{rel}","templated":true}]}}